{"id":11867,"date":"2022-09-27T16:08:55","date_gmt":"2022-09-27T14:08:55","guid":{"rendered":"https:\/\/noordzeeameland.nl\/hausordnung-und-weitere-informationen%ef%bf%bc\/"},"modified":"2025-09-18T11:25:38","modified_gmt":"2025-09-18T09:25:38","slug":"hausordnung-und-weitere-informationen","status":"publish","type":"page","link":"https:\/\/noordzeeameland.nl\/de\/hausordnung-und-weitere-informationen\/","title":{"rendered":"Hausordnung und weitere Informationen\ufffc"},"content":{"rendered":"\n<p>Einige Haushaltsdaten:<\/p>\n\n<ul class=\"wp-block-list\">\n<li>Ankunftszeit ab 16:00 Uhr Abfahrtszeit 10:00 Uhr<\/li>\n\n\n\n<li>In allen Ferienh\u00e4usern ist das Rauchen verboten;<\/li>\n\n\n\n<li>Wir gew\u00e4hren keine Optionen und Einlagen;<\/li>\n\n\n\n<li>Wir vermieten nur <strong>Wochenenden<\/strong> (Freitag-Montag), <strong>Kurzwochen<\/strong> (Montag-Freitag) oder <strong>Wochen<\/strong> mit Anreise <em>Montag<\/em> und <em>Freitag<\/em>. Abweichende An- und Abreisetage werden von uns selten akzeptiert;<\/li>\n\n\n\n<li>F\u00fcr telefonische Ausk\u00fcnfte oder Fragen kommender G\u00e4ste sind wir an Werktagen von 9.00 bis 16.00 Uhr erreichbar unter der Telefonnummer: +31 (6) 122 66 007;<\/li>\n\n\n\n<li>E-Mails, die nach 16:00 Uhr eingehen, werden am n\u00e4chsten Tag beantwortet;<\/li>\n\n\n\n<li>Maximal ein Haustier erlaubt (im Landhaus Caribe, Anne-Marit und Wervelwind sind <strong>keine Haustiere erlaubt<\/strong>). Die Kosten f\u00fcr ein Haustier betragen 15 \u20ac pro Nacht. Passen Sie w\u00e4hrend Ihres Urlaubs auf Ihr Haustier auf und lassen Sie das Tier niemals alleine im Haus. Ihr Haustier f\u00fchlt sich verlassen und befindet sich in einer fremden Umgebung. Wir mussten aus Erfahrung schlie\u00dfen, dass dies zu erheblichen und (f\u00fcr Sie) unvorhergesehenen (erheblichen) Sch\u00e4den f\u00fchren kann;<\/li>\n\n\n\n<li>In den Schlafzimmern, Badezimmern, Betten und Sitzm\u00f6beln m\u00f6chten wir auf keinen Fall Haustiere haben. Wenn Sie ein Haustier mitgebracht haben, m\u00fcssen Sie das Haus vor der Abreise staubsaugen. Verlassen Sie den Garten ohne den Kot Ihres Haustieres. Wenn wir feststellen, dass sich Haare auf den Betten befinden, das Haus nicht gesaugt wurde und sich noch Exkremente im Garten befinden, werden wir mindestens <strong>50 \u20ac<\/strong> von Ihrer Kaution einbehalten;<\/li>\n\n\n\n<li>Privater Parkplatz f\u00fcr bis zu drei Autos. Das Parken erfolgt immer auf eigene Gefahr;<\/li>\n\n\n\n<li>Der Preis beinhaltet Energiekosten. Bitte denken Sie an die Natur;<\/li>\n\n\n\n<li>Das Ferienhaus ist mit LAN und WLAN ausgestattet. Wenn Sie die feste Internetverbindung nutzen m\u00f6chten, m\u00fcssen Sie Ihr eigenes Internetkabel bereitstellen;<\/li>\n\n\n\n<li>Vorhanden: 2 Kinderst\u00fchle, 2 Kindercampingbetten und ein Treppenschutzgitter;<\/li>\n\n\n\n<li>Mit einer mitgebrachten Fritteuse darf im Haus nicht frittiert werden. Die Verwendung von (starken) energieverbrauchenden Elektroger\u00e4ten, wie z. B. Gourmet-Set, ist im Haus ebenfalls nicht gestattet.<\/li>\n\n\n\n<li>Bettw\u00e4sche und Handt\u00fccher sind obligatorisch. Ein K\u00fcchenpaket ist optional;<\/li>\n\n\n\n<li>Die Kurtaxe betr\u00e4gt 2,08 \u20ac pro Person (\u00fcber 4 Jahre) und Nacht.<\/li>\n\n\n\n<li>Die Kaution betr\u00e4gt \u20ac 200,-. Diesen Betrag zahlen Sie direkt bei Ihrer Reservierung. Bei Ihrer Ankunft bitten wir Sie, das Objekt zu \u00fcberpr\u00fcfen und uns eventuelle M\u00e4ngel unverz\u00fcglich zu melden. Unmittelbar nach Ihrer Abreise \u00fcberpr\u00fcfen wir das von Ihnen hinterlassene Haus auf eventuelle Sch\u00e4den w\u00e4hrend der Reinigung und informieren Sie noch am selben Tag per Telefon oder E-Mail. Wenn das Haus unbesch\u00e4digt hinterlassen wurde, erstatten wir Ihre geleistete Kaution innerhalb weniger Werktage;<\/li>\n\n\n\n<li>Wir sind jederzeit berechtigt, eine Reservierungsanfrage abzulehnen oder mit Ihnen eine h\u00f6here Anzahlung zu vereinbaren, wenn wir dies f\u00fcr erforderlich halten;<\/li>\n\n\n\n<li>Wir raten Ihnen immer, eine Reiser\u00fccktrittsversicherung bei Ihrer (eigenen) Versicherungsgesellschaft abzuschlie\u00dfen;<\/li>\n\n\n\n<li>Sie schlie\u00dfen mit uns einen Mietvertrag \u00fcber die Anmietung eines (separaten) Ferienhauses ab, f\u00fcr das niederl\u00e4ndisches Recht (Artikel 7:503 des niederl\u00e4ndischen B\u00fcrgerlichen Gesetzbuchs) gilt. Von einem Reisevertrag oder einer Pauschalreise kann keine Rede sein. Bei Stornierung einer Reservierung fallen Stornokosten an. Wir werden Ihre Zahlungen nicht auf einen sp\u00e4teren Zeitraum oder das Folgejahr \u00fcbertragen.<\/li>\n\n\n\n<li>Wir haften nicht f\u00fcr den Verlust oder Diebstahl Ihres Eigentums.<\/li>\n<\/ul>\n\n<p>Aufrichtig,<\/p>\n\n<p>Team Noordzee Ameland<br\/><br\/><\/p>\n","protected":false},"excerpt":{"rendered":"<p>Einige Haushaltsdaten: Aufrichtig, Team Noordzee Ameland<\/p>\n","protected":false},"author":2,"featured_media":0,"parent":0,"menu_order":0,"comment_status":"closed","ping_status":"closed","template":"","meta":{"footnotes":""},"class_list":["post-11867","page","type-page","status-publish","hentry"],"yoast_head":"<!-- This site is optimized with the Yoast SEO plugin v27.4 - https:\/\/yoast.com\/product\/yoast-seo-wordpress\/ -->\n<title>Hausordnung und weitere Informationen\ufffc | Noordzee Vakantiewoningen Ameland<\/title>\n<meta name=\"robots\" content=\"index, follow, max-snippet:-1, max-image-preview:large, max-video-preview:-1\" \/>\n<link rel=\"canonical\" href=\"https:\/\/noordzeeameland.nl\/de\/hausordnung-und-weitere-informationen\/\" \/>\n<meta property=\"og:locale\" content=\"de_DE\" \/>\n<meta property=\"og:type\" content=\"article\" \/>\n<meta property=\"og:title\" content=\"Hausordnung und weitere Informationen\ufffc | Noordzee Vakantiewoningen Ameland\" \/>\n<meta property=\"og:description\" content=\"Einige Haushaltsdaten: Aufrichtig, Team Noordzee Ameland\" \/>\n<meta property=\"og:url\" content=\"https:\/\/noordzeeameland.nl\/de\/hausordnung-und-weitere-informationen\/\" \/>\n<meta property=\"og:site_name\" content=\"Noordzee Vakantiewoningen Ameland\" \/>\n<meta property=\"article:publisher\" content=\"https:\/\/www.facebook.com\/Noordzeevakantiewoningen\/\" \/>\n<meta property=\"article:modified_time\" content=\"2025-09-18T09:25:38+00:00\" \/>\n<meta name=\"twitter:card\" content=\"summary_large_image\" \/>\n<meta name=\"twitter:site\" content=\"@NoordzeeAmeland\" \/>\n<meta name=\"twitter:label1\" content=\"Gesch\u00e4tzte Lesezeit\" \/>\n\t<meta name=\"twitter:data1\" content=\"3\u00a0Minuten\" \/>\n<script type=\"application\/ld+json\" class=\"yoast-schema-graph\">{\"@context\":\"https:\\\/\\\/schema.org\",\"@graph\":[{\"@type\":\"WebPage\",\"@id\":\"https:\\\/\\\/noordzeeameland.nl\\\/de\\\/hausordnung-und-weitere-informationen\\\/\",\"url\":\"https:\\\/\\\/noordzeeameland.nl\\\/de\\\/hausordnung-und-weitere-informationen\\\/\",\"name\":\"Hausordnung und weitere Informationen\ufffc | Noordzee Vakantiewoningen Ameland\",\"isPartOf\":{\"@id\":\"https:\\\/\\\/noordzeeameland.nl\\\/de\\\/#website\"},\"datePublished\":\"2022-09-27T14:08:55+00:00\",\"dateModified\":\"2025-09-18T09:25:38+00:00\",\"breadcrumb\":{\"@id\":\"https:\\\/\\\/noordzeeameland.nl\\\/de\\\/hausordnung-und-weitere-informationen\\\/#breadcrumb\"},\"inLanguage\":\"de\",\"potentialAction\":[{\"@type\":\"ReadAction\",\"target\":[\"https:\\\/\\\/noordzeeameland.nl\\\/de\\\/hausordnung-und-weitere-informationen\\\/\"]}]},{\"@type\":\"BreadcrumbList\",\"@id\":\"https:\\\/\\\/noordzeeameland.nl\\\/de\\\/hausordnung-und-weitere-informationen\\\/#breadcrumb\",\"itemListElement\":[{\"@type\":\"ListItem\",\"position\":1,\"name\":\"Home\",\"item\":\"https:\\\/\\\/noordzeeameland.nl\\\/de\\\/\"},{\"@type\":\"ListItem\",\"position\":2,\"name\":\"Hausordnung und weitere Informationen\ufffc\"}]},{\"@type\":\"WebSite\",\"@id\":\"https:\\\/\\\/noordzeeameland.nl\\\/de\\\/#website\",\"url\":\"https:\\\/\\\/noordzeeameland.nl\\\/de\\\/\",\"name\":\"Noordzee Vakantiewoningen Ameland\",\"description\":\"\",\"publisher\":{\"@id\":\"https:\\\/\\\/noordzeeameland.nl\\\/de\\\/#organization\"},\"potentialAction\":[{\"@type\":\"SearchAction\",\"target\":{\"@type\":\"EntryPoint\",\"urlTemplate\":\"https:\\\/\\\/noordzeeameland.nl\\\/de\\\/?s={search_term_string}\"},\"query-input\":{\"@type\":\"PropertyValueSpecification\",\"valueRequired\":true,\"valueName\":\"search_term_string\"}}],\"inLanguage\":\"de\"},{\"@type\":\"Organization\",\"@id\":\"https:\\\/\\\/noordzeeameland.nl\\\/de\\\/#organization\",\"name\":\"Noordzee Vakantiewoningen Ameland\",\"url\":\"https:\\\/\\\/noordzeeameland.nl\\\/de\\\/\",\"logo\":{\"@type\":\"ImageObject\",\"inLanguage\":\"de\",\"@id\":\"https:\\\/\\\/noordzeeameland.nl\\\/de\\\/#\\\/schema\\\/logo\\\/image\\\/\",\"url\":\"https:\\\/\\\/noordzeeameland.nl\\\/wp-content\\\/uploads\\\/2021\\\/04\\\/cropped-logo_large-1.png\",\"contentUrl\":\"https:\\\/\\\/noordzeeameland.nl\\\/wp-content\\\/uploads\\\/2021\\\/04\\\/cropped-logo_large-1.png\",\"width\":1500,\"height\":320,\"caption\":\"Noordzee Vakantiewoningen Ameland\"},\"image\":{\"@id\":\"https:\\\/\\\/noordzeeameland.nl\\\/de\\\/#\\\/schema\\\/logo\\\/image\\\/\"},\"sameAs\":[\"https:\\\/\\\/www.facebook.com\\\/Noordzeevakantiewoningen\\\/\",\"https:\\\/\\\/x.com\\\/NoordzeeAmeland\",\"https:\\\/\\\/www.instagram.com\\\/noordzeeameland\\\/\",\"https:\\\/\\\/www.linkedin.com\\\/company\\\/noordzee-vakantiewoningen\\\/\",\"https:\\\/\\\/nl.pinterest.com\\\/NoordzeeVakantiewoningen\\\/_saved\\\/\"]}]}<\/script>\n<!-- \/ Yoast SEO plugin. -->","yoast_head_json":{"title":"Hausordnung und weitere Informationen\ufffc | Noordzee Vakantiewoningen Ameland","robots":{"index":"index","follow":"follow","max-snippet":"max-snippet:-1","max-image-preview":"max-image-preview:large","max-video-preview":"max-video-preview:-1"},"canonical":"https:\/\/noordzeeameland.nl\/de\/hausordnung-und-weitere-informationen\/","og_locale":"de_DE","og_type":"article","og_title":"Hausordnung und weitere Informationen\ufffc | Noordzee Vakantiewoningen Ameland","og_description":"Einige Haushaltsdaten: Aufrichtig, Team Noordzee Ameland","og_url":"https:\/\/noordzeeameland.nl\/de\/hausordnung-und-weitere-informationen\/","og_site_name":"Noordzee Vakantiewoningen Ameland","article_publisher":"https:\/\/www.facebook.com\/Noordzeevakantiewoningen\/","article_modified_time":"2025-09-18T09:25:38+00:00","twitter_card":"summary_large_image","twitter_site":"@NoordzeeAmeland","twitter_misc":{"Gesch\u00e4tzte Lesezeit":"3\u00a0Minuten"},"schema":{"@context":"https:\/\/schema.org","@graph":[{"@type":"WebPage","@id":"https:\/\/noordzeeameland.nl\/de\/hausordnung-und-weitere-informationen\/","url":"https:\/\/noordzeeameland.nl\/de\/hausordnung-und-weitere-informationen\/","name":"Hausordnung und weitere Informationen\ufffc | Noordzee Vakantiewoningen Ameland","isPartOf":{"@id":"https:\/\/noordzeeameland.nl\/de\/#website"},"datePublished":"2022-09-27T14:08:55+00:00","dateModified":"2025-09-18T09:25:38+00:00","breadcrumb":{"@id":"https:\/\/noordzeeameland.nl\/de\/hausordnung-und-weitere-informationen\/#breadcrumb"},"inLanguage":"de","potentialAction":[{"@type":"ReadAction","target":["https:\/\/noordzeeameland.nl\/de\/hausordnung-und-weitere-informationen\/"]}]},{"@type":"BreadcrumbList","@id":"https:\/\/noordzeeameland.nl\/de\/hausordnung-und-weitere-informationen\/#breadcrumb","itemListElement":[{"@type":"ListItem","position":1,"name":"Home","item":"https:\/\/noordzeeameland.nl\/de\/"},{"@type":"ListItem","position":2,"name":"Hausordnung und weitere Informationen\ufffc"}]},{"@type":"WebSite","@id":"https:\/\/noordzeeameland.nl\/de\/#website","url":"https:\/\/noordzeeameland.nl\/de\/","name":"Noordzee Vakantiewoningen Ameland","description":"","publisher":{"@id":"https:\/\/noordzeeameland.nl\/de\/#organization"},"potentialAction":[{"@type":"SearchAction","target":{"@type":"EntryPoint","urlTemplate":"https:\/\/noordzeeameland.nl\/de\/?s={search_term_string}"},"query-input":{"@type":"PropertyValueSpecification","valueRequired":true,"valueName":"search_term_string"}}],"inLanguage":"de"},{"@type":"Organization","@id":"https:\/\/noordzeeameland.nl\/de\/#organization","name":"Noordzee Vakantiewoningen Ameland","url":"https:\/\/noordzeeameland.nl\/de\/","logo":{"@type":"ImageObject","inLanguage":"de","@id":"https:\/\/noordzeeameland.nl\/de\/#\/schema\/logo\/image\/","url":"https:\/\/noordzeeameland.nl\/wp-content\/uploads\/2021\/04\/cropped-logo_large-1.png","contentUrl":"https:\/\/noordzeeameland.nl\/wp-content\/uploads\/2021\/04\/cropped-logo_large-1.png","width":1500,"height":320,"caption":"Noordzee Vakantiewoningen Ameland"},"image":{"@id":"https:\/\/noordzeeameland.nl\/de\/#\/schema\/logo\/image\/"},"sameAs":["https:\/\/www.facebook.com\/Noordzeevakantiewoningen\/","https:\/\/x.com\/NoordzeeAmeland","https:\/\/www.instagram.com\/noordzeeameland\/","https:\/\/www.linkedin.com\/company\/noordzee-vakantiewoningen\/","https:\/\/nl.pinterest.com\/NoordzeeVakantiewoningen\/_saved\/"]}]}},"_links":{"self":[{"href":"https:\/\/noordzeeameland.nl\/de\/wp-json\/wp\/v2\/pages\/11867","targetHints":{"allow":["GET"]}}],"collection":[{"href":"https:\/\/noordzeeameland.nl\/de\/wp-json\/wp\/v2\/pages"}],"about":[{"href":"https:\/\/noordzeeameland.nl\/de\/wp-json\/wp\/v2\/types\/page"}],"author":[{"embeddable":true,"href":"https:\/\/noordzeeameland.nl\/de\/wp-json\/wp\/v2\/users\/2"}],"replies":[{"embeddable":true,"href":"https:\/\/noordzeeameland.nl\/de\/wp-json\/wp\/v2\/comments?post=11867"}],"version-history":[{"count":2,"href":"https:\/\/noordzeeameland.nl\/de\/wp-json\/wp\/v2\/pages\/11867\/revisions"}],"predecessor-version":[{"id":16766,"href":"https:\/\/noordzeeameland.nl\/de\/wp-json\/wp\/v2\/pages\/11867\/revisions\/16766"}],"wp:attachment":[{"href":"https:\/\/noordzeeameland.nl\/de\/wp-json\/wp\/v2\/media?parent=11867"}],"curies":[{"name":"wp","href":"https:\/\/api.w.org\/{rel}","templated":true}]}}