{"id":14373,"date":"2023-08-01T09:01:41","date_gmt":"2023-08-01T08:01:41","guid":{"rendered":"https:\/\/noordzeeameland.nl\/ameland\/"},"modified":"2025-03-06T13:29:04","modified_gmt":"2025-03-06T12:29:04","slug":"ameland","status":"publish","type":"page","link":"https:\/\/noordzeeameland.nl\/de\/ameland\/","title":{"rendered":"Ameland"},"content":{"rendered":"\n<div class=\"wp-block-cover is-light has-arsenic-color has-text-color\"><span aria-hidden=\"true\" class=\"wp-block-cover__background has-white-background-color has-background-dim-100 has-background-dim\"><\/span><div class=\"wp-block-cover__inner-container is-layout-flow wp-block-cover-is-layout-flow\">\n<div style=\"height:100px\" aria-hidden=\"true\" class=\"wp-block-spacer\"><\/div>\n\n\n\n<div class=\"wp-block-columns is-layout-flex wp-container-core-columns-is-layout-28f84493 wp-block-columns-is-layout-flex\">\n<div class=\"wp-block-column is-layout-flow wp-block-column-is-layout-flow\">\n<h2 class=\"wp-block-heading has-text-align-left has-large-font-size\">Willkommen im Waddendiamant, Ameland!<\/h2>\n\n\n\n<p>W\u00e4hrend Ihres Aufenthalts in Ihrem Ferienhaus auf Ameland gleicht kein Tag dem anderen. Ameland wird von Wind, Wasser und Gezeiten gelenkt und bleibt unbeeindruckt. Abneigung gegen\u00fcber ausgetretenen Pfaden wie auf dem Festland. Vielleicht etwas \u00fcberm\u00fctig. Aber genau das macht den Reiz dieses \u201eWattendiamanten\u201c aus.<\/p>\n<\/div>\n\n\n\n<div class=\"wp-block-column is-layout-flow wp-block-column-is-layout-flow\"><\/div>\n<\/div>\n\n\n\n<div style=\"height:100px\" aria-hidden=\"true\" class=\"wp-block-spacer\"><\/div>\n\n\n\n<div class=\"wp-block-columns is-layout-flex wp-container-core-columns-is-layout-28f84493 wp-block-columns-is-layout-flex\">\n<div class=\"wp-block-column is-layout-flow wp-block-column-is-layout-flow\">\n<div class=\"wp-block-getwid-image-box has-text-center has-mobile-layout-default has-mobile-alignment-default\"><div class=\"wp-block-getwid-image-box__image-container is-position-top\"><div class=\"wp-block-getwid-image-box__image-wrapper\"><img loading=\"lazy\" decoding=\"async\" width=\"1280\" height=\"853\" src=\"https:\/\/noordzeeameland.nl\/wp-content\/uploads\/2023\/07\/Wat-kan-je-allemaal-zien-jpg.webp\" alt=\"\" class=\"wp-block-getwid-image-box__image wp-image-14306\" srcset=\"https:\/\/noordzeeameland.nl\/wp-content\/uploads\/2023\/07\/Wat-kan-je-allemaal-zien-jpg.webp 1280w, https:\/\/noordzeeameland.nl\/wp-content\/uploads\/2023\/07\/Wat-kan-je-allemaal-zien-300x200.webp 300w, https:\/\/noordzeeameland.nl\/wp-content\/uploads\/2023\/07\/Wat-kan-je-allemaal-zien-1024x682.webp 1024w, https:\/\/noordzeeameland.nl\/wp-content\/uploads\/2023\/07\/Wat-kan-je-allemaal-zien-768x512.webp 768w, https:\/\/noordzeeameland.nl\/wp-content\/uploads\/2023\/07\/Wat-kan-je-allemaal-zien-892x594.webp 892w, https:\/\/noordzeeameland.nl\/wp-content\/uploads\/2023\/07\/Wat-kan-je-allemaal-zien-600x400.webp 600w\" sizes=\"auto, (max-width: 1280px) 100vw, 1280px\" \/><\/div><\/div><div class=\"wp-block-getwid-image-box__content\">\n<h3 class=\"wp-block-heading has-text-align-center\">Was kann man auf Ameland sehen?<\/h3>\n\n\n\n<p>Ameland ist immer in Bewegung. Kein Tag ist gleich. Sehen Sie hier, was Sie auf Ameland unternehmen k\u00f6nnen.<\/p>\n<\/div><\/div>\n\n\n\n<div class=\"wp-block-buttons is-content-justification-center is-layout-flex wp-container-core-buttons-is-layout-a89b3969 wp-block-buttons-is-layout-flex\">\n<div class=\"wp-block-button\"><a class=\"wp-block-button__link has-text-align-center wp-element-button\" href=\"https:\/\/noordzeeameland.nl\/de\/was-kann-man-auf-ameland-sehen\/\" target=\"_blank\" rel=\"noreferrer noopener\">Weiterlesen<\/a><\/div>\n<\/div>\n<\/div>\n\n\n\n<div class=\"wp-block-column is-layout-flow wp-block-column-is-layout-flow\">\n<div class=\"wp-block-getwid-image-box has-text-center has-mobile-layout-default has-mobile-alignment-default\"><div class=\"wp-block-getwid-image-box__image-container is-position-top\"><div class=\"wp-block-getwid-image-box__image-wrapper\"><img loading=\"lazy\" decoding=\"async\" width=\"1279\" height=\"853\" src=\"https:\/\/noordzeeameland.nl\/wp-content\/uploads\/2023\/07\/Ontdek-de-omgeving-jpg.webp\" alt=\"\" class=\"wp-block-getwid-image-box__image wp-image-14300\" srcset=\"https:\/\/noordzeeameland.nl\/wp-content\/uploads\/2023\/07\/Ontdek-de-omgeving-jpg.webp 1279w, https:\/\/noordzeeameland.nl\/wp-content\/uploads\/2023\/07\/Ontdek-de-omgeving-300x200.webp 300w, https:\/\/noordzeeameland.nl\/wp-content\/uploads\/2023\/07\/Ontdek-de-omgeving-1024x683.webp 1024w, https:\/\/noordzeeameland.nl\/wp-content\/uploads\/2023\/07\/Ontdek-de-omgeving-768x512.webp 768w, https:\/\/noordzeeameland.nl\/wp-content\/uploads\/2023\/07\/Ontdek-de-omgeving-892x595.webp 892w, https:\/\/noordzeeameland.nl\/wp-content\/uploads\/2023\/07\/Ontdek-de-omgeving-600x400.webp 600w\" sizes=\"auto, (max-width: 1279px) 100vw, 1279px\" \/><\/div><\/div><div class=\"wp-block-getwid-image-box__content\">\n<h3 class=\"wp-block-heading has-text-align-center\">Entdecken Sie die Gegend auf Ameland<\/h3>\n\n\n\n<p>Die Insel ist nicht nur f\u00fcr ihre wundersch\u00f6ne Natur und gem\u00fctliche Gastronomie bekannt, sondern auch f\u00fcr ihre reiche Geschichte.<\/p>\n<\/div><\/div>\n\n\n\n<div class=\"wp-block-buttons is-content-justification-center is-layout-flex wp-container-core-buttons-is-layout-a89b3969 wp-block-buttons-is-layout-flex\">\n<div class=\"wp-block-button\"><a class=\"wp-block-button__link has-text-align-center wp-element-button\" href=\"\" target=\"_blank\" rel=\"noreferrer noopener\">Weiterlesen<\/a><\/div>\n<\/div>\n<\/div>\n\n\n\n<div class=\"wp-block-column is-layout-flow wp-block-column-is-layout-flow\">\n<div class=\"wp-block-getwid-image-box has-text-center has-mobile-layout-default has-mobile-alignment-default\"><div class=\"wp-block-getwid-image-box__image-container is-position-top\"><div class=\"wp-block-getwid-image-box__image-wrapper\"><img loading=\"lazy\" decoding=\"async\" width=\"1280\" height=\"853\" src=\"https:\/\/noordzeeameland.nl\/wp-content\/uploads\/2023\/07\/Eten-en-drinken-op-Ameland-jpg.webp\" alt=\"\" class=\"wp-block-getwid-image-box__image wp-image-14295\" srcset=\"https:\/\/noordzeeameland.nl\/wp-content\/uploads\/2023\/07\/Eten-en-drinken-op-Ameland-jpg.webp 1280w, https:\/\/noordzeeameland.nl\/wp-content\/uploads\/2023\/07\/Eten-en-drinken-op-Ameland-300x200.webp 300w, https:\/\/noordzeeameland.nl\/wp-content\/uploads\/2023\/07\/Eten-en-drinken-op-Ameland-1024x682.webp 1024w, https:\/\/noordzeeameland.nl\/wp-content\/uploads\/2023\/07\/Eten-en-drinken-op-Ameland-768x512.webp 768w, https:\/\/noordzeeameland.nl\/wp-content\/uploads\/2023\/07\/Eten-en-drinken-op-Ameland-892x594.webp 892w, https:\/\/noordzeeameland.nl\/wp-content\/uploads\/2023\/07\/Eten-en-drinken-op-Ameland-600x400.webp 600w\" sizes=\"auto, (max-width: 1280px) 100vw, 1280px\" \/><\/div><\/div><div class=\"wp-block-getwid-image-box__content\">\n<h3 class=\"wp-block-heading has-text-align-center\">Wo kann man auf Ameland gut essen und trinken?<\/h3>\n\n\n\n<p>Warum selbst kochen, wenn ein Spitzenkoch gleich um die Ecke ist? Von Ihrem Ferienhaus aus k\u00f6nnen Sie schnell an einem Tisch in einem Spitzenrestaurant Platz nehmen. <\/p>\n<\/div><\/div>\n\n\n\n<div class=\"wp-block-buttons is-content-justification-center is-layout-flex wp-container-core-buttons-is-layout-a89b3969 wp-block-buttons-is-layout-flex\">\n<div class=\"wp-block-button\"><a class=\"wp-block-button__link has-text-align-center wp-element-button\" href=\"https:\/\/noordzeeameland.nl\/de\/wo-kann-man-gut-essen-und-trinken-auf-ameland\/\" target=\"_blank\" rel=\"noreferrer noopener\">Weiterlesen<\/a><\/div>\n<\/div>\n<\/div>\n\n\n\n<div class=\"wp-block-column is-layout-flow wp-block-column-is-layout-flow\">\n<div class=\"wp-block-getwid-image-box has-text-center has-mobile-layout-default has-mobile-alignment-default\"><div class=\"wp-block-getwid-image-box__image-container is-position-top\"><div class=\"wp-block-getwid-image-box__image-wrapper\"><img loading=\"lazy\" decoding=\"async\" width=\"1280\" height=\"857\" src=\"https:\/\/noordzeeameland.nl\/wp-content\/uploads\/2023\/07\/Ontdek-de-dorpen-jpg.webp\" alt=\"\" class=\"wp-block-getwid-image-box__image wp-image-14308\" srcset=\"https:\/\/noordzeeameland.nl\/wp-content\/uploads\/2023\/07\/Ontdek-de-dorpen-jpg.webp 1280w, https:\/\/noordzeeameland.nl\/wp-content\/uploads\/2023\/07\/Ontdek-de-dorpen-300x201.webp 300w, https:\/\/noordzeeameland.nl\/wp-content\/uploads\/2023\/07\/Ontdek-de-dorpen-1024x686.webp 1024w, https:\/\/noordzeeameland.nl\/wp-content\/uploads\/2023\/07\/Ontdek-de-dorpen-768x514.webp 768w, https:\/\/noordzeeameland.nl\/wp-content\/uploads\/2023\/07\/Ontdek-de-dorpen-892x597.webp 892w, https:\/\/noordzeeameland.nl\/wp-content\/uploads\/2023\/07\/Ontdek-de-dorpen-600x402.webp 600w\" sizes=\"auto, (max-width: 1280px) 100vw, 1280px\" \/><\/div><\/div><div class=\"wp-block-getwid-image-box__content\">\n<h3 class=\"wp-block-heading has-text-align-center\">Entdecken Sie die D\u00f6rfer auf Ameland<\/h3>\n\n\n\n<p>Auf Ameland gibt es vier D\u00f6rfer, jedes mit seiner eigenen Identit\u00e4t. Auf Ameland gleicht kein Dorf dem anderen. Es lohnt sich, sie alle zu kennen.<\/p>\n<\/div><\/div>\n\n\n\n<div class=\"wp-block-buttons is-content-justification-center is-layout-flex wp-container-core-buttons-is-layout-a89b3969 wp-block-buttons-is-layout-flex\">\n<div class=\"wp-block-button\"><a class=\"wp-block-button__link has-text-align-center wp-element-button\" href=\"https:\/\/noordzeeameland.nl\/de\/entdecken-sie-die-doerfer-auf-ameland\/\" target=\"_blank\" rel=\"noreferrer noopener\">Weiterlesen<\/a><\/div>\n<\/div>\n<\/div>\n<\/div>\n<\/div><\/div>\n","protected":false},"excerpt":{"rendered":"","protected":false},"author":2,"featured_media":0,"parent":0,"menu_order":0,"comment_status":"closed","ping_status":"closed","template":"template-canvas-page.php","meta":{"footnotes":""},"class_list":["post-14373","page","type-page","status-publish","hentry"],"yoast_head":"<!-- This site is optimized with the Yoast SEO plugin v27.4 - https:\/\/yoast.com\/product\/yoast-seo-wordpress\/ -->\n<title>Ameland | Noordzee Vakantiewoningen Ameland<\/title>\n<meta name=\"robots\" content=\"index, follow, max-snippet:-1, max-image-preview:large, max-video-preview:-1\" \/>\n<link rel=\"canonical\" href=\"https:\/\/noordzeeameland.nl\/de\/ameland\/\" \/>\n<meta property=\"og:locale\" content=\"de_DE\" \/>\n<meta property=\"og:type\" content=\"article\" \/>\n<meta property=\"og:title\" content=\"Ameland | Noordzee Vakantiewoningen Ameland\" \/>\n<meta property=\"og:url\" content=\"https:\/\/noordzeeameland.nl\/de\/ameland\/\" \/>\n<meta property=\"og:site_name\" content=\"Noordzee Vakantiewoningen Ameland\" \/>\n<meta property=\"article:publisher\" content=\"https:\/\/www.facebook.com\/Noordzeevakantiewoningen\/\" \/>\n<meta property=\"article:modified_time\" content=\"2025-03-06T12:29:04+00:00\" \/>\n<meta property=\"og:image\" content=\"https:\/\/noordzeeameland.nl\/wp-content\/uploads\/2023\/07\/Wat-kan-je-allemaal-zien-jpg.webp\" \/>\n\t<meta property=\"og:image:width\" content=\"1280\" \/>\n\t<meta property=\"og:image:height\" content=\"853\" \/>\n\t<meta property=\"og:image:type\" content=\"image\/jpeg\" \/>\n<meta name=\"twitter:card\" content=\"summary_large_image\" \/>\n<meta name=\"twitter:site\" content=\"@NoordzeeAmeland\" \/>\n<meta name=\"twitter:label1\" content=\"Gesch\u00e4tzte Lesezeit\" \/>\n\t<meta name=\"twitter:data1\" content=\"1\u00a0Minute\" \/>\n<script type=\"application\/ld+json\" class=\"yoast-schema-graph\">{\"@context\":\"https:\\\/\\\/schema.org\",\"@graph\":[{\"@type\":\"WebPage\",\"@id\":\"https:\\\/\\\/noordzeeameland.nl\\\/de\\\/ameland\\\/\",\"url\":\"https:\\\/\\\/noordzeeameland.nl\\\/de\\\/ameland\\\/\",\"name\":\"Ameland | Noordzee Vakantiewoningen Ameland\",\"isPartOf\":{\"@id\":\"https:\\\/\\\/noordzeeameland.nl\\\/de\\\/#website\"},\"primaryImageOfPage\":{\"@id\":\"https:\\\/\\\/noordzeeameland.nl\\\/de\\\/ameland\\\/#primaryimage\"},\"image\":{\"@id\":\"https:\\\/\\\/noordzeeameland.nl\\\/de\\\/ameland\\\/#primaryimage\"},\"thumbnailUrl\":\"https:\\\/\\\/noordzeeameland.nl\\\/wp-content\\\/uploads\\\/2023\\\/07\\\/Wat-kan-je-allemaal-zien-jpg.webp\",\"datePublished\":\"2023-08-01T08:01:41+00:00\",\"dateModified\":\"2025-03-06T12:29:04+00:00\",\"breadcrumb\":{\"@id\":\"https:\\\/\\\/noordzeeameland.nl\\\/de\\\/ameland\\\/#breadcrumb\"},\"inLanguage\":\"de\",\"potentialAction\":[{\"@type\":\"ReadAction\",\"target\":[\"https:\\\/\\\/noordzeeameland.nl\\\/de\\\/ameland\\\/\"]}]},{\"@type\":\"ImageObject\",\"inLanguage\":\"de\",\"@id\":\"https:\\\/\\\/noordzeeameland.nl\\\/de\\\/ameland\\\/#primaryimage\",\"url\":\"https:\\\/\\\/noordzeeameland.nl\\\/wp-content\\\/uploads\\\/2023\\\/07\\\/Wat-kan-je-allemaal-zien-jpg.webp\",\"contentUrl\":\"https:\\\/\\\/noordzeeameland.nl\\\/wp-content\\\/uploads\\\/2023\\\/07\\\/Wat-kan-je-allemaal-zien-jpg.webp\"},{\"@type\":\"BreadcrumbList\",\"@id\":\"https:\\\/\\\/noordzeeameland.nl\\\/de\\\/ameland\\\/#breadcrumb\",\"itemListElement\":[{\"@type\":\"ListItem\",\"position\":1,\"name\":\"Home\",\"item\":\"https:\\\/\\\/noordzeeameland.nl\\\/de\\\/\"},{\"@type\":\"ListItem\",\"position\":2,\"name\":\"Ameland\"}]},{\"@type\":\"WebSite\",\"@id\":\"https:\\\/\\\/noordzeeameland.nl\\\/de\\\/#website\",\"url\":\"https:\\\/\\\/noordzeeameland.nl\\\/de\\\/\",\"name\":\"Noordzee Vakantiewoningen Ameland\",\"description\":\"\",\"publisher\":{\"@id\":\"https:\\\/\\\/noordzeeameland.nl\\\/de\\\/#organization\"},\"potentialAction\":[{\"@type\":\"SearchAction\",\"target\":{\"@type\":\"EntryPoint\",\"urlTemplate\":\"https:\\\/\\\/noordzeeameland.nl\\\/de\\\/?s={search_term_string}\"},\"query-input\":{\"@type\":\"PropertyValueSpecification\",\"valueRequired\":true,\"valueName\":\"search_term_string\"}}],\"inLanguage\":\"de\"},{\"@type\":\"Organization\",\"@id\":\"https:\\\/\\\/noordzeeameland.nl\\\/de\\\/#organization\",\"name\":\"Noordzee Vakantiewoningen Ameland\",\"url\":\"https:\\\/\\\/noordzeeameland.nl\\\/de\\\/\",\"logo\":{\"@type\":\"ImageObject\",\"inLanguage\":\"de\",\"@id\":\"https:\\\/\\\/noordzeeameland.nl\\\/de\\\/#\\\/schema\\\/logo\\\/image\\\/\",\"url\":\"https:\\\/\\\/noordzeeameland.nl\\\/wp-content\\\/uploads\\\/2021\\\/04\\\/cropped-logo_large-1.png\",\"contentUrl\":\"https:\\\/\\\/noordzeeameland.nl\\\/wp-content\\\/uploads\\\/2021\\\/04\\\/cropped-logo_large-1.png\",\"width\":1500,\"height\":320,\"caption\":\"Noordzee Vakantiewoningen Ameland\"},\"image\":{\"@id\":\"https:\\\/\\\/noordzeeameland.nl\\\/de\\\/#\\\/schema\\\/logo\\\/image\\\/\"},\"sameAs\":[\"https:\\\/\\\/www.facebook.com\\\/Noordzeevakantiewoningen\\\/\",\"https:\\\/\\\/x.com\\\/NoordzeeAmeland\",\"https:\\\/\\\/www.instagram.com\\\/noordzeeameland\\\/\",\"https:\\\/\\\/www.linkedin.com\\\/company\\\/noordzee-vakantiewoningen\\\/\",\"https:\\\/\\\/nl.pinterest.com\\\/NoordzeeVakantiewoningen\\\/_saved\\\/\"]}]}<\/script>\n<!-- \/ Yoast SEO plugin. -->","yoast_head_json":{"title":"Ameland | Noordzee Vakantiewoningen Ameland","robots":{"index":"index","follow":"follow","max-snippet":"max-snippet:-1","max-image-preview":"max-image-preview:large","max-video-preview":"max-video-preview:-1"},"canonical":"https:\/\/noordzeeameland.nl\/de\/ameland\/","og_locale":"de_DE","og_type":"article","og_title":"Ameland | Noordzee Vakantiewoningen Ameland","og_url":"https:\/\/noordzeeameland.nl\/de\/ameland\/","og_site_name":"Noordzee Vakantiewoningen Ameland","article_publisher":"https:\/\/www.facebook.com\/Noordzeevakantiewoningen\/","article_modified_time":"2025-03-06T12:29:04+00:00","og_image":[{"width":1280,"height":853,"url":"https:\/\/noordzeeameland.nl\/wp-content\/uploads\/2023\/07\/Wat-kan-je-allemaal-zien-jpg.webp","type":"image\/jpeg"}],"twitter_card":"summary_large_image","twitter_site":"@NoordzeeAmeland","twitter_misc":{"Gesch\u00e4tzte Lesezeit":"1\u00a0Minute"},"schema":{"@context":"https:\/\/schema.org","@graph":[{"@type":"WebPage","@id":"https:\/\/noordzeeameland.nl\/de\/ameland\/","url":"https:\/\/noordzeeameland.nl\/de\/ameland\/","name":"Ameland | Noordzee Vakantiewoningen Ameland","isPartOf":{"@id":"https:\/\/noordzeeameland.nl\/de\/#website"},"primaryImageOfPage":{"@id":"https:\/\/noordzeeameland.nl\/de\/ameland\/#primaryimage"},"image":{"@id":"https:\/\/noordzeeameland.nl\/de\/ameland\/#primaryimage"},"thumbnailUrl":"https:\/\/noordzeeameland.nl\/wp-content\/uploads\/2023\/07\/Wat-kan-je-allemaal-zien-jpg.webp","datePublished":"2023-08-01T08:01:41+00:00","dateModified":"2025-03-06T12:29:04+00:00","breadcrumb":{"@id":"https:\/\/noordzeeameland.nl\/de\/ameland\/#breadcrumb"},"inLanguage":"de","potentialAction":[{"@type":"ReadAction","target":["https:\/\/noordzeeameland.nl\/de\/ameland\/"]}]},{"@type":"ImageObject","inLanguage":"de","@id":"https:\/\/noordzeeameland.nl\/de\/ameland\/#primaryimage","url":"https:\/\/noordzeeameland.nl\/wp-content\/uploads\/2023\/07\/Wat-kan-je-allemaal-zien-jpg.webp","contentUrl":"https:\/\/noordzeeameland.nl\/wp-content\/uploads\/2023\/07\/Wat-kan-je-allemaal-zien-jpg.webp"},{"@type":"BreadcrumbList","@id":"https:\/\/noordzeeameland.nl\/de\/ameland\/#breadcrumb","itemListElement":[{"@type":"ListItem","position":1,"name":"Home","item":"https:\/\/noordzeeameland.nl\/de\/"},{"@type":"ListItem","position":2,"name":"Ameland"}]},{"@type":"WebSite","@id":"https:\/\/noordzeeameland.nl\/de\/#website","url":"https:\/\/noordzeeameland.nl\/de\/","name":"Noordzee Vakantiewoningen Ameland","description":"","publisher":{"@id":"https:\/\/noordzeeameland.nl\/de\/#organization"},"potentialAction":[{"@type":"SearchAction","target":{"@type":"EntryPoint","urlTemplate":"https:\/\/noordzeeameland.nl\/de\/?s={search_term_string}"},"query-input":{"@type":"PropertyValueSpecification","valueRequired":true,"valueName":"search_term_string"}}],"inLanguage":"de"},{"@type":"Organization","@id":"https:\/\/noordzeeameland.nl\/de\/#organization","name":"Noordzee Vakantiewoningen Ameland","url":"https:\/\/noordzeeameland.nl\/de\/","logo":{"@type":"ImageObject","inLanguage":"de","@id":"https:\/\/noordzeeameland.nl\/de\/#\/schema\/logo\/image\/","url":"https:\/\/noordzeeameland.nl\/wp-content\/uploads\/2021\/04\/cropped-logo_large-1.png","contentUrl":"https:\/\/noordzeeameland.nl\/wp-content\/uploads\/2021\/04\/cropped-logo_large-1.png","width":1500,"height":320,"caption":"Noordzee Vakantiewoningen Ameland"},"image":{"@id":"https:\/\/noordzeeameland.nl\/de\/#\/schema\/logo\/image\/"},"sameAs":["https:\/\/www.facebook.com\/Noordzeevakantiewoningen\/","https:\/\/x.com\/NoordzeeAmeland","https:\/\/www.instagram.com\/noordzeeameland\/","https:\/\/www.linkedin.com\/company\/noordzee-vakantiewoningen\/","https:\/\/nl.pinterest.com\/NoordzeeVakantiewoningen\/_saved\/"]}]}},"_links":{"self":[{"href":"https:\/\/noordzeeameland.nl\/de\/wp-json\/wp\/v2\/pages\/14373","targetHints":{"allow":["GET"]}}],"collection":[{"href":"https:\/\/noordzeeameland.nl\/de\/wp-json\/wp\/v2\/pages"}],"about":[{"href":"https:\/\/noordzeeameland.nl\/de\/wp-json\/wp\/v2\/types\/page"}],"author":[{"embeddable":true,"href":"https:\/\/noordzeeameland.nl\/de\/wp-json\/wp\/v2\/users\/2"}],"replies":[{"embeddable":true,"href":"https:\/\/noordzeeameland.nl\/de\/wp-json\/wp\/v2\/comments?post=14373"}],"version-history":[{"count":0,"href":"https:\/\/noordzeeameland.nl\/de\/wp-json\/wp\/v2\/pages\/14373\/revisions"}],"wp:attachment":[{"href":"https:\/\/noordzeeameland.nl\/de\/wp-json\/wp\/v2\/media?parent=14373"}],"curies":[{"name":"wp","href":"https:\/\/api.w.org\/{rel}","templated":true}]}}