{"id":17059,"date":"2026-02-25T10:29:21","date_gmt":"2026-02-25T09:29:21","guid":{"rendered":"https:\/\/noordzeeameland.nl\/was-ist-noch-frei\/"},"modified":"2026-04-14T15:50:38","modified_gmt":"2026-04-14T13:50:38","slug":"was-ist-noch-frei","status":"publish","type":"page","link":"https:\/\/noordzeeameland.nl\/de\/was-ist-noch-frei\/","title":{"rendered":"Was ist noch frei?"},"content":{"rendered":"<div class=\"mphb_sc_search-wrapper is-style-horizontal-form\">\n<form method=\"GET\" class=\"mphb_sc_search-form\" action=\"https:\/\/noordzeeameland.nl\/de\/suchergebnisse\/\" data-first_available_check_in_date=\"2026-07-03\">\n\n\t\n\t<p class=\"mphb_sc_search-check-in-date\">\n\t\t<label for=\"mphb_check_in_date-mphb-search-form-69eb9c5ed821b\">\n\t\t\tAnreise\t\t\t<abbr title=\"Formatiert als mm\/dd\/yyyy\">*<\/abbr>\n\t\t<\/label>\n\t\t<br \/>\n\t\t<input\n\t\t\tid=\"mphb_check_in_date-mphb-search-form-69eb9c5ed821b\"\n\t\t\tdata-datepick-group=\"mphb-search-form-69eb9c5ed821b\"\n\t\t\tvalue=\"\"\n\t\t\tplaceholder=\"Anreisedatum\"\n\t\t\trequired=\"required\"\n\t\t\ttype=\"text\"\n\t\t\tinputmode=\"none\"\n\t\t\tname=\"mphb_check_in_date\"\n\t\t\tclass=\"mphb-datepick\"\n\t\t\tautocomplete=\"off\"\n\t\t\t\/>\n\t<\/p>\n\n\t<p class=\"mphb_sc_search-check-out-date\">\n\t\t<label for=\"mphb_check_out_date-mphb-search-form-69eb9c5ed821b\">\n\t\t\tAbreise\t\t\t<abbr title=\"Formatiert als mm\/dd\/yyyy\">*<\/abbr>\n\t\t<\/label>\n\t\t<br \/>\n\t\t<input\n\t\t\tid=\"mphb_check_out_date-mphb-search-form-69eb9c5ed821b\"\n\t\t\tdata-datepick-group=\"mphb-search-form-69eb9c5ed821b\"\n\t\t\tvalue=\"\"\n\t\t\tplaceholder=\"Abreisedatum\"\n\t\t\trequired=\"required\"\n\t\t\ttype=\"text\"\n\t\t\tinputmode=\"none\"\n\t\t\tname=\"mphb_check_out_date\"\n\t\t\tclass=\"mphb-datepick\"\n\t\t\tautocomplete=\"off\"\n\t\t\t\/>\n\t<\/p>\n\n\t\t\t<input type=\"hidden\" id=\"mphb_adults-mphb-search-form-69eb9c5ed821b\" name=\"mphb_adults\" value=\"1\" \/>\n\t\n\t\t\t<input type=\"hidden\" id=\"mphb_children-mphb-search-form-69eb9c5ed821b\" name=\"mphb_children\" value=\"0\" \/>\n\t\n\t\n\t\n\t<input id=\"mphb_check_in_date-mphb-search-form-69eb9c5ed821b-hidden\" value=\"\" type=\"hidden\" name=\"mphb_check_in_date\" \/><input id=\"mphb_check_out_date-mphb-search-form-69eb9c5ed821b-hidden\" value=\"\" type=\"hidden\" name=\"mphb_check_out_date\" \/>\n\t<p class=\"mphb_sc_search-submit-button-wrapper\">\n\t\t<input type=\"submit\" class=\"button\" value=\"Suche\"\/>\n\t<\/p>\n\n\t\n<\/form>\n<\/div>\n\n<p>Sehen Sie auf einen Blick, welche Ferienwohnungen w\u00e4hrend der Schulferien, Feiertage und anderen Sto\u00dfzeiten verf\u00fcgbar sind. Sehen Sie sich unten die Ferienwohnungen und Termine an. F\u00fcllen Sie das obige \u201eSuchen &amp; Buchen\u201d-Formular aus und reservieren Sie direkt.   <\/p>\n\n<div class=\"wp-block-columns is-layout-flex wp-container-core-columns-is-layout-28f84493 wp-block-columns-is-layout-flex\">\n<div class=\"wp-block-column is-layout-flow wp-block-column-is-layout-flow\">\n<h2 class=\"wp-block-heading\">Sommerferien<\/h2>\n\n\n\n<p><a href=\"https:\/\/noordzeeameland.nl\/de\/accommodation\/landhaus-anne-marit\/\" type=\"mphb_room_type\" id=\"468\" target=\"_blank\" rel=\"noreferrer noopener\">Anne-Marit<\/a><\/p>\n\n\n\n<ul class=\"wp-block-list\">\n<li>3 bis. 10 Juli 2026<\/li>\n\n\n\n<li>14. bis 21. August 2026<\/li>\n\n\n\n<li>21. bis 28. August 2026<\/li>\n<\/ul>\n\n\n\n<p><a href=\"https:\/\/noordzeeameland.nl\/de\/accommodation\/ferienhaus-waddenzicht\/\" type=\"mphb_room_type\" id=\"455\" target=\"_blank\" rel=\"noreferrer noopener\">Waddenzicht<\/a><\/p>\n\n\n\n<ul class=\"wp-block-list\">\n<li>3 bis. 10 Juli 2026<\/li>\n\n\n\n<li>10 bis. 17 Juli 2026<\/li>\n<\/ul>\n\n\n\n<p><a href=\"https:\/\/noordzeeameland.nl\/de\/accommodation\/ferienhaus-de-buurderij\/\" type=\"mphb_room_type\" id=\"465\" target=\"_blank\" rel=\"noreferrer noopener\">Buurderij<\/a><\/p>\n\n\n\n<ul class=\"wp-block-list\">\n<li>3 bis. 10 Juli 2026<\/li>\n<\/ul>\n<\/div>\n\n\n\n<div class=\"wp-block-column is-layout-flow wp-block-column-is-layout-flow\"><\/div>\n<\/div>\n","protected":false},"excerpt":{"rendered":"<p>Sehen Sie auf einen Blick, welche Ferienwohnungen w\u00e4hrend der Schulferien, Feiertage und anderen Sto\u00dfzeiten verf\u00fcgbar sind. Sehen Sie sich unten die Ferienwohnungen und Termine an. F\u00fcllen Sie das obige \u201eSuchen &amp; Buchen\u201d-Formular aus und reservieren Sie direkt. Sommerferien Anne-Marit Waddenzicht Buurderij<\/p>\n","protected":false},"author":2,"featured_media":0,"parent":0,"menu_order":0,"comment_status":"closed","ping_status":"closed","template":"","meta":{"footnotes":""},"class_list":["post-17059","page","type-page","status-publish","hentry"],"yoast_head":"<!-- This site is optimized with the Yoast SEO plugin v27.4 - https:\/\/yoast.com\/product\/yoast-seo-wordpress\/ -->\n<title>Was ist noch frei? | Noordzee Vakantiewoningen Ameland<\/title>\n<meta name=\"robots\" content=\"index, follow, max-snippet:-1, max-image-preview:large, max-video-preview:-1\" \/>\n<link rel=\"canonical\" href=\"https:\/\/noordzeeameland.nl\/de\/was-ist-noch-frei\/\" \/>\n<meta property=\"og:locale\" content=\"de_DE\" \/>\n<meta property=\"og:type\" content=\"article\" \/>\n<meta property=\"og:title\" content=\"Was ist noch frei? | Noordzee Vakantiewoningen Ameland\" \/>\n<meta property=\"og:description\" content=\"Sehen Sie auf einen Blick, welche Ferienwohnungen w\u00e4hrend der Schulferien, Feiertage und anderen Sto\u00dfzeiten verf\u00fcgbar sind. Sehen Sie sich unten die Ferienwohnungen und Termine an. F\u00fcllen Sie das obige \u201eSuchen &amp; Buchen\u201d-Formular aus und reservieren Sie direkt. Sommerferien Anne-Marit Waddenzicht Buurderij\" \/>\n<meta property=\"og:url\" content=\"https:\/\/noordzeeameland.nl\/de\/was-ist-noch-frei\/\" \/>\n<meta property=\"og:site_name\" content=\"Noordzee Vakantiewoningen Ameland\" \/>\n<meta property=\"article:publisher\" content=\"https:\/\/www.facebook.com\/Noordzeevakantiewoningen\/\" \/>\n<meta property=\"article:modified_time\" content=\"2026-04-14T13:50:38+00:00\" \/>\n<meta name=\"twitter:card\" content=\"summary_large_image\" \/>\n<meta name=\"twitter:site\" content=\"@NoordzeeAmeland\" \/>\n<script type=\"application\/ld+json\" class=\"yoast-schema-graph\">{\"@context\":\"https:\\\/\\\/schema.org\",\"@graph\":[{\"@type\":\"WebPage\",\"@id\":\"https:\\\/\\\/noordzeeameland.nl\\\/de\\\/was-ist-noch-frei\\\/\",\"url\":\"https:\\\/\\\/noordzeeameland.nl\\\/de\\\/was-ist-noch-frei\\\/\",\"name\":\"Was ist noch frei? | Noordzee Vakantiewoningen Ameland\",\"isPartOf\":{\"@id\":\"https:\\\/\\\/noordzeeameland.nl\\\/de\\\/#website\"},\"datePublished\":\"2026-02-25T09:29:21+00:00\",\"dateModified\":\"2026-04-14T13:50:38+00:00\",\"breadcrumb\":{\"@id\":\"https:\\\/\\\/noordzeeameland.nl\\\/de\\\/was-ist-noch-frei\\\/#breadcrumb\"},\"inLanguage\":\"de\",\"potentialAction\":[{\"@type\":\"ReadAction\",\"target\":[\"https:\\\/\\\/noordzeeameland.nl\\\/de\\\/was-ist-noch-frei\\\/\"]}]},{\"@type\":\"BreadcrumbList\",\"@id\":\"https:\\\/\\\/noordzeeameland.nl\\\/de\\\/was-ist-noch-frei\\\/#breadcrumb\",\"itemListElement\":[{\"@type\":\"ListItem\",\"position\":1,\"name\":\"Home\",\"item\":\"https:\\\/\\\/noordzeeameland.nl\\\/de\\\/\"},{\"@type\":\"ListItem\",\"position\":2,\"name\":\"Was ist noch frei?\"}]},{\"@type\":\"WebSite\",\"@id\":\"https:\\\/\\\/noordzeeameland.nl\\\/de\\\/#website\",\"url\":\"https:\\\/\\\/noordzeeameland.nl\\\/de\\\/\",\"name\":\"Noordzee Vakantiewoningen Ameland\",\"description\":\"\",\"publisher\":{\"@id\":\"https:\\\/\\\/noordzeeameland.nl\\\/de\\\/#organization\"},\"potentialAction\":[{\"@type\":\"SearchAction\",\"target\":{\"@type\":\"EntryPoint\",\"urlTemplate\":\"https:\\\/\\\/noordzeeameland.nl\\\/de\\\/?s={search_term_string}\"},\"query-input\":{\"@type\":\"PropertyValueSpecification\",\"valueRequired\":true,\"valueName\":\"search_term_string\"}}],\"inLanguage\":\"de\"},{\"@type\":\"Organization\",\"@id\":\"https:\\\/\\\/noordzeeameland.nl\\\/de\\\/#organization\",\"name\":\"Noordzee Vakantiewoningen Ameland\",\"url\":\"https:\\\/\\\/noordzeeameland.nl\\\/de\\\/\",\"logo\":{\"@type\":\"ImageObject\",\"inLanguage\":\"de\",\"@id\":\"https:\\\/\\\/noordzeeameland.nl\\\/de\\\/#\\\/schema\\\/logo\\\/image\\\/\",\"url\":\"https:\\\/\\\/noordzeeameland.nl\\\/wp-content\\\/uploads\\\/2021\\\/04\\\/cropped-logo_large-1.png\",\"contentUrl\":\"https:\\\/\\\/noordzeeameland.nl\\\/wp-content\\\/uploads\\\/2021\\\/04\\\/cropped-logo_large-1.png\",\"width\":1500,\"height\":320,\"caption\":\"Noordzee Vakantiewoningen Ameland\"},\"image\":{\"@id\":\"https:\\\/\\\/noordzeeameland.nl\\\/de\\\/#\\\/schema\\\/logo\\\/image\\\/\"},\"sameAs\":[\"https:\\\/\\\/www.facebook.com\\\/Noordzeevakantiewoningen\\\/\",\"https:\\\/\\\/x.com\\\/NoordzeeAmeland\",\"https:\\\/\\\/www.instagram.com\\\/noordzeeameland\\\/\",\"https:\\\/\\\/www.linkedin.com\\\/company\\\/noordzee-vakantiewoningen\\\/\",\"https:\\\/\\\/nl.pinterest.com\\\/NoordzeeVakantiewoningen\\\/_saved\\\/\"]}]}<\/script>\n<!-- \/ Yoast SEO plugin. -->","yoast_head_json":{"title":"Was ist noch frei? | Noordzee Vakantiewoningen Ameland","robots":{"index":"index","follow":"follow","max-snippet":"max-snippet:-1","max-image-preview":"max-image-preview:large","max-video-preview":"max-video-preview:-1"},"canonical":"https:\/\/noordzeeameland.nl\/de\/was-ist-noch-frei\/","og_locale":"de_DE","og_type":"article","og_title":"Was ist noch frei? | Noordzee Vakantiewoningen Ameland","og_description":"Sehen Sie auf einen Blick, welche Ferienwohnungen w\u00e4hrend der Schulferien, Feiertage und anderen Sto\u00dfzeiten verf\u00fcgbar sind. Sehen Sie sich unten die Ferienwohnungen und Termine an. F\u00fcllen Sie das obige \u201eSuchen &amp; Buchen\u201d-Formular aus und reservieren Sie direkt. Sommerferien Anne-Marit Waddenzicht Buurderij","og_url":"https:\/\/noordzeeameland.nl\/de\/was-ist-noch-frei\/","og_site_name":"Noordzee Vakantiewoningen Ameland","article_publisher":"https:\/\/www.facebook.com\/Noordzeevakantiewoningen\/","article_modified_time":"2026-04-14T13:50:38+00:00","twitter_card":"summary_large_image","twitter_site":"@NoordzeeAmeland","schema":{"@context":"https:\/\/schema.org","@graph":[{"@type":"WebPage","@id":"https:\/\/noordzeeameland.nl\/de\/was-ist-noch-frei\/","url":"https:\/\/noordzeeameland.nl\/de\/was-ist-noch-frei\/","name":"Was ist noch frei? | Noordzee Vakantiewoningen Ameland","isPartOf":{"@id":"https:\/\/noordzeeameland.nl\/de\/#website"},"datePublished":"2026-02-25T09:29:21+00:00","dateModified":"2026-04-14T13:50:38+00:00","breadcrumb":{"@id":"https:\/\/noordzeeameland.nl\/de\/was-ist-noch-frei\/#breadcrumb"},"inLanguage":"de","potentialAction":[{"@type":"ReadAction","target":["https:\/\/noordzeeameland.nl\/de\/was-ist-noch-frei\/"]}]},{"@type":"BreadcrumbList","@id":"https:\/\/noordzeeameland.nl\/de\/was-ist-noch-frei\/#breadcrumb","itemListElement":[{"@type":"ListItem","position":1,"name":"Home","item":"https:\/\/noordzeeameland.nl\/de\/"},{"@type":"ListItem","position":2,"name":"Was ist noch frei?"}]},{"@type":"WebSite","@id":"https:\/\/noordzeeameland.nl\/de\/#website","url":"https:\/\/noordzeeameland.nl\/de\/","name":"Noordzee Vakantiewoningen Ameland","description":"","publisher":{"@id":"https:\/\/noordzeeameland.nl\/de\/#organization"},"potentialAction":[{"@type":"SearchAction","target":{"@type":"EntryPoint","urlTemplate":"https:\/\/noordzeeameland.nl\/de\/?s={search_term_string}"},"query-input":{"@type":"PropertyValueSpecification","valueRequired":true,"valueName":"search_term_string"}}],"inLanguage":"de"},{"@type":"Organization","@id":"https:\/\/noordzeeameland.nl\/de\/#organization","name":"Noordzee Vakantiewoningen Ameland","url":"https:\/\/noordzeeameland.nl\/de\/","logo":{"@type":"ImageObject","inLanguage":"de","@id":"https:\/\/noordzeeameland.nl\/de\/#\/schema\/logo\/image\/","url":"https:\/\/noordzeeameland.nl\/wp-content\/uploads\/2021\/04\/cropped-logo_large-1.png","contentUrl":"https:\/\/noordzeeameland.nl\/wp-content\/uploads\/2021\/04\/cropped-logo_large-1.png","width":1500,"height":320,"caption":"Noordzee Vakantiewoningen Ameland"},"image":{"@id":"https:\/\/noordzeeameland.nl\/de\/#\/schema\/logo\/image\/"},"sameAs":["https:\/\/www.facebook.com\/Noordzeevakantiewoningen\/","https:\/\/x.com\/NoordzeeAmeland","https:\/\/www.instagram.com\/noordzeeameland\/","https:\/\/www.linkedin.com\/company\/noordzee-vakantiewoningen\/","https:\/\/nl.pinterest.com\/NoordzeeVakantiewoningen\/_saved\/"]}]}},"_links":{"self":[{"href":"https:\/\/noordzeeameland.nl\/de\/wp-json\/wp\/v2\/pages\/17059","targetHints":{"allow":["GET"]}}],"collection":[{"href":"https:\/\/noordzeeameland.nl\/de\/wp-json\/wp\/v2\/pages"}],"about":[{"href":"https:\/\/noordzeeameland.nl\/de\/wp-json\/wp\/v2\/types\/page"}],"author":[{"embeddable":true,"href":"https:\/\/noordzeeameland.nl\/de\/wp-json\/wp\/v2\/users\/2"}],"replies":[{"embeddable":true,"href":"https:\/\/noordzeeameland.nl\/de\/wp-json\/wp\/v2\/comments?post=17059"}],"version-history":[{"count":9,"href":"https:\/\/noordzeeameland.nl\/de\/wp-json\/wp\/v2\/pages\/17059\/revisions"}],"predecessor-version":[{"id":17200,"href":"https:\/\/noordzeeameland.nl\/de\/wp-json\/wp\/v2\/pages\/17059\/revisions\/17200"}],"wp:attachment":[{"href":"https:\/\/noordzeeameland.nl\/de\/wp-json\/wp\/v2\/media?parent=17059"}],"curies":[{"name":"wp","href":"https:\/\/api.w.org\/{rel}","templated":true}]}}