{"id":2660,"date":"2021-05-07T10:05:59","date_gmt":"2021-05-07T10:05:59","guid":{"rendered":"https:\/\/noordzeeameland.nl\/haftungsausschluss"},"modified":"2022-09-22T15:02:24","modified_gmt":"2022-09-22T13:02:24","slug":"disclaimer","status":"publish","type":"page","link":"https:\/\/noordzeeameland.nl\/de\/disclaimer\/","title":{"rendered":"Disclaimer"},"content":{"rendered":"\n<h2 class=\"wp-block-heading\">Haftung<\/h2>\n\n<p>Noordzee Ameland wendet bei der Erstellung, Zusammenstellung und Verteilung der Informationen auf dieser Website gr\u00f6\u00dfte Sorgfalt an, jedoch k\u00f6nnen wir nicht garantieren, dass die Informationen zum Zeitpunkt ihres Erhalts korrekt sind oder dass die Informationen im Laufe der Zeit noch korrekt sein werden. Sollten Ihnen Unrichtigkeiten oder sonstige Unregelm\u00e4\u00dfigkeiten auffallen oder bestehen Zweifel, bitten wir Sie, uns dies mitzuteilen, damit wir entsprechende Ma\u00dfnahmen ergreifen k\u00f6nnen.<\/p>\n\n<p>Aus den auf dieser Website angegebenen Preisen k\u00f6nnen keine Rechte abgeleitet werden und \u00c4nderungen\/Fehler bleiben vorbehalten.<\/p>\n\n<p>Noordzee Ameland \u00fcbernimmt keine Haftung f\u00fcr Sch\u00e4den, die aufgrund der Informationen auf dieser Website entstehen k\u00f6nnten. Kommentare von Besuchern liegen au\u00dferhalb unserer Verantwortung. Nordzee Ameland \u00fcbernimmt keine Haftung f\u00fcr den Inhalt und die Signatur von Besucherreaktionen. Wir behalten uns das Recht vor, einige oder alle Kommentare nicht zu ver\u00f6ffentlichen oder zu bearbeiten.<\/p>\n\n<h2 class=\"wp-block-heading\">Copyright<\/h2>\n\n<p>Diese Seite ist urheberrechtlich gesch\u00fctzt. Die Site ist f\u00fcr den eigenen oder internen Gebrauch unserer Besucher bestimmt, wobei es nicht gestattet ist, die Site anders als durch Herunterladen und Betrachten auf einem einzelnen Computer und\/oder Ausdrucken einer einzelnen Hardcopy zu reproduzieren.<\/p>\n\n<p>Ohne vorherige schriftliche Genehmigung von Noordzee Ameland ist es nicht gestattet, diese Website auf andere Weise zu vervielf\u00e4ltigen, weiterzuleiten oder in einem Netzwerk verf\u00fcgbar zu machen.<\/p>\n\n<p>Noordzee Ameland ist nicht verantwortlich oder haftbar f\u00fcr den Zugriff auf die Website oder die Informationen auf einer Website, die mit der Website von Noordzee Ameland verlinkt ist.<\/p>\n","protected":false},"excerpt":{"rendered":"<p>Haftung Noordzee Ameland wendet bei der Erstellung, Zusammenstellung und Verteilung der Informationen auf dieser Website gr\u00f6\u00dfte Sorgfalt an, jedoch k\u00f6nnen wir nicht garantieren, dass die Informationen zum Zeitpunkt ihres Erhalts korrekt sind oder dass die Informationen im Laufe der Zeit noch korrekt sein werden. Sollten Ihnen Unrichtigkeiten oder sonstige Unregelm\u00e4\u00dfigkeiten auffallen oder bestehen Zweifel, bitten [&hellip;]<\/p>\n","protected":false},"author":2,"featured_media":0,"parent":0,"menu_order":0,"comment_status":"closed","ping_status":"closed","template":"","meta":{"footnotes":""},"class_list":["post-2660","page","type-page","status-publish","hentry"],"yoast_head":"<!-- This site is optimized with the Yoast SEO plugin v27.4 - https:\/\/yoast.com\/product\/yoast-seo-wordpress\/ -->\n<title>Disclaimer | Noordzee Vakantiewoningen Ameland<\/title>\n<meta name=\"robots\" content=\"index, follow, max-snippet:-1, max-image-preview:large, max-video-preview:-1\" \/>\n<link rel=\"canonical\" href=\"https:\/\/noordzeeameland.nl\/de\/disclaimer\/\" \/>\n<meta property=\"og:locale\" content=\"de_DE\" \/>\n<meta property=\"og:type\" content=\"article\" \/>\n<meta property=\"og:title\" content=\"Disclaimer | Noordzee Vakantiewoningen Ameland\" \/>\n<meta property=\"og:description\" content=\"Haftung Noordzee Ameland wendet bei der Erstellung, Zusammenstellung und Verteilung der Informationen auf dieser Website gr\u00f6\u00dfte Sorgfalt an, jedoch k\u00f6nnen wir nicht garantieren, dass die Informationen zum Zeitpunkt ihres Erhalts korrekt sind oder dass die Informationen im Laufe der Zeit noch korrekt sein werden. Sollten Ihnen Unrichtigkeiten oder sonstige Unregelm\u00e4\u00dfigkeiten auffallen oder bestehen Zweifel, bitten [&hellip;]\" \/>\n<meta property=\"og:url\" content=\"https:\/\/noordzeeameland.nl\/de\/disclaimer\/\" \/>\n<meta property=\"og:site_name\" content=\"Noordzee Vakantiewoningen Ameland\" \/>\n<meta property=\"article:publisher\" content=\"https:\/\/www.facebook.com\/Noordzeevakantiewoningen\/\" \/>\n<meta property=\"article:modified_time\" content=\"2022-09-22T13:02:24+00:00\" \/>\n<meta name=\"twitter:card\" content=\"summary_large_image\" \/>\n<meta name=\"twitter:site\" content=\"@NoordzeeAmeland\" \/>\n<meta name=\"twitter:label1\" content=\"Gesch\u00e4tzte Lesezeit\" \/>\n\t<meta name=\"twitter:data1\" content=\"1\u00a0Minute\" \/>\n<script type=\"application\/ld+json\" class=\"yoast-schema-graph\">{\"@context\":\"https:\\\/\\\/schema.org\",\"@graph\":[{\"@type\":\"WebPage\",\"@id\":\"https:\\\/\\\/noordzeeameland.nl\\\/de\\\/disclaimer\\\/\",\"url\":\"https:\\\/\\\/noordzeeameland.nl\\\/de\\\/disclaimer\\\/\",\"name\":\"Disclaimer | Noordzee Vakantiewoningen Ameland\",\"isPartOf\":{\"@id\":\"https:\\\/\\\/noordzeeameland.nl\\\/de\\\/#website\"},\"datePublished\":\"2021-05-07T10:05:59+00:00\",\"dateModified\":\"2022-09-22T13:02:24+00:00\",\"breadcrumb\":{\"@id\":\"https:\\\/\\\/noordzeeameland.nl\\\/de\\\/disclaimer\\\/#breadcrumb\"},\"inLanguage\":\"de\",\"potentialAction\":[{\"@type\":\"ReadAction\",\"target\":[\"https:\\\/\\\/noordzeeameland.nl\\\/de\\\/disclaimer\\\/\"]}]},{\"@type\":\"BreadcrumbList\",\"@id\":\"https:\\\/\\\/noordzeeameland.nl\\\/de\\\/disclaimer\\\/#breadcrumb\",\"itemListElement\":[{\"@type\":\"ListItem\",\"position\":1,\"name\":\"Home\",\"item\":\"https:\\\/\\\/noordzeeameland.nl\\\/de\\\/\"},{\"@type\":\"ListItem\",\"position\":2,\"name\":\"Disclaimer\"}]},{\"@type\":\"WebSite\",\"@id\":\"https:\\\/\\\/noordzeeameland.nl\\\/de\\\/#website\",\"url\":\"https:\\\/\\\/noordzeeameland.nl\\\/de\\\/\",\"name\":\"Noordzee Vakantiewoningen Ameland\",\"description\":\"\",\"publisher\":{\"@id\":\"https:\\\/\\\/noordzeeameland.nl\\\/de\\\/#organization\"},\"potentialAction\":[{\"@type\":\"SearchAction\",\"target\":{\"@type\":\"EntryPoint\",\"urlTemplate\":\"https:\\\/\\\/noordzeeameland.nl\\\/de\\\/?s={search_term_string}\"},\"query-input\":{\"@type\":\"PropertyValueSpecification\",\"valueRequired\":true,\"valueName\":\"search_term_string\"}}],\"inLanguage\":\"de\"},{\"@type\":\"Organization\",\"@id\":\"https:\\\/\\\/noordzeeameland.nl\\\/de\\\/#organization\",\"name\":\"Noordzee Vakantiewoningen Ameland\",\"url\":\"https:\\\/\\\/noordzeeameland.nl\\\/de\\\/\",\"logo\":{\"@type\":\"ImageObject\",\"inLanguage\":\"de\",\"@id\":\"https:\\\/\\\/noordzeeameland.nl\\\/de\\\/#\\\/schema\\\/logo\\\/image\\\/\",\"url\":\"https:\\\/\\\/noordzeeameland.nl\\\/wp-content\\\/uploads\\\/2021\\\/04\\\/cropped-logo_large-1.png\",\"contentUrl\":\"https:\\\/\\\/noordzeeameland.nl\\\/wp-content\\\/uploads\\\/2021\\\/04\\\/cropped-logo_large-1.png\",\"width\":1500,\"height\":320,\"caption\":\"Noordzee Vakantiewoningen Ameland\"},\"image\":{\"@id\":\"https:\\\/\\\/noordzeeameland.nl\\\/de\\\/#\\\/schema\\\/logo\\\/image\\\/\"},\"sameAs\":[\"https:\\\/\\\/www.facebook.com\\\/Noordzeevakantiewoningen\\\/\",\"https:\\\/\\\/x.com\\\/NoordzeeAmeland\",\"https:\\\/\\\/www.instagram.com\\\/noordzeeameland\\\/\",\"https:\\\/\\\/www.linkedin.com\\\/company\\\/noordzee-vakantiewoningen\\\/\",\"https:\\\/\\\/nl.pinterest.com\\\/NoordzeeVakantiewoningen\\\/_saved\\\/\"]}]}<\/script>\n<!-- \/ Yoast SEO plugin. -->","yoast_head_json":{"title":"Disclaimer | Noordzee Vakantiewoningen Ameland","robots":{"index":"index","follow":"follow","max-snippet":"max-snippet:-1","max-image-preview":"max-image-preview:large","max-video-preview":"max-video-preview:-1"},"canonical":"https:\/\/noordzeeameland.nl\/de\/disclaimer\/","og_locale":"de_DE","og_type":"article","og_title":"Disclaimer | Noordzee Vakantiewoningen Ameland","og_description":"Haftung Noordzee Ameland wendet bei der Erstellung, Zusammenstellung und Verteilung der Informationen auf dieser Website gr\u00f6\u00dfte Sorgfalt an, jedoch k\u00f6nnen wir nicht garantieren, dass die Informationen zum Zeitpunkt ihres Erhalts korrekt sind oder dass die Informationen im Laufe der Zeit noch korrekt sein werden. Sollten Ihnen Unrichtigkeiten oder sonstige Unregelm\u00e4\u00dfigkeiten auffallen oder bestehen Zweifel, bitten [&hellip;]","og_url":"https:\/\/noordzeeameland.nl\/de\/disclaimer\/","og_site_name":"Noordzee Vakantiewoningen Ameland","article_publisher":"https:\/\/www.facebook.com\/Noordzeevakantiewoningen\/","article_modified_time":"2022-09-22T13:02:24+00:00","twitter_card":"summary_large_image","twitter_site":"@NoordzeeAmeland","twitter_misc":{"Gesch\u00e4tzte Lesezeit":"1\u00a0Minute"},"schema":{"@context":"https:\/\/schema.org","@graph":[{"@type":"WebPage","@id":"https:\/\/noordzeeameland.nl\/de\/disclaimer\/","url":"https:\/\/noordzeeameland.nl\/de\/disclaimer\/","name":"Disclaimer | Noordzee Vakantiewoningen Ameland","isPartOf":{"@id":"https:\/\/noordzeeameland.nl\/de\/#website"},"datePublished":"2021-05-07T10:05:59+00:00","dateModified":"2022-09-22T13:02:24+00:00","breadcrumb":{"@id":"https:\/\/noordzeeameland.nl\/de\/disclaimer\/#breadcrumb"},"inLanguage":"de","potentialAction":[{"@type":"ReadAction","target":["https:\/\/noordzeeameland.nl\/de\/disclaimer\/"]}]},{"@type":"BreadcrumbList","@id":"https:\/\/noordzeeameland.nl\/de\/disclaimer\/#breadcrumb","itemListElement":[{"@type":"ListItem","position":1,"name":"Home","item":"https:\/\/noordzeeameland.nl\/de\/"},{"@type":"ListItem","position":2,"name":"Disclaimer"}]},{"@type":"WebSite","@id":"https:\/\/noordzeeameland.nl\/de\/#website","url":"https:\/\/noordzeeameland.nl\/de\/","name":"Noordzee Vakantiewoningen Ameland","description":"","publisher":{"@id":"https:\/\/noordzeeameland.nl\/de\/#organization"},"potentialAction":[{"@type":"SearchAction","target":{"@type":"EntryPoint","urlTemplate":"https:\/\/noordzeeameland.nl\/de\/?s={search_term_string}"},"query-input":{"@type":"PropertyValueSpecification","valueRequired":true,"valueName":"search_term_string"}}],"inLanguage":"de"},{"@type":"Organization","@id":"https:\/\/noordzeeameland.nl\/de\/#organization","name":"Noordzee Vakantiewoningen Ameland","url":"https:\/\/noordzeeameland.nl\/de\/","logo":{"@type":"ImageObject","inLanguage":"de","@id":"https:\/\/noordzeeameland.nl\/de\/#\/schema\/logo\/image\/","url":"https:\/\/noordzeeameland.nl\/wp-content\/uploads\/2021\/04\/cropped-logo_large-1.png","contentUrl":"https:\/\/noordzeeameland.nl\/wp-content\/uploads\/2021\/04\/cropped-logo_large-1.png","width":1500,"height":320,"caption":"Noordzee Vakantiewoningen Ameland"},"image":{"@id":"https:\/\/noordzeeameland.nl\/de\/#\/schema\/logo\/image\/"},"sameAs":["https:\/\/www.facebook.com\/Noordzeevakantiewoningen\/","https:\/\/x.com\/NoordzeeAmeland","https:\/\/www.instagram.com\/noordzeeameland\/","https:\/\/www.linkedin.com\/company\/noordzee-vakantiewoningen\/","https:\/\/nl.pinterest.com\/NoordzeeVakantiewoningen\/_saved\/"]}]}},"_links":{"self":[{"href":"https:\/\/noordzeeameland.nl\/de\/wp-json\/wp\/v2\/pages\/2660","targetHints":{"allow":["GET"]}}],"collection":[{"href":"https:\/\/noordzeeameland.nl\/de\/wp-json\/wp\/v2\/pages"}],"about":[{"href":"https:\/\/noordzeeameland.nl\/de\/wp-json\/wp\/v2\/types\/page"}],"author":[{"embeddable":true,"href":"https:\/\/noordzeeameland.nl\/de\/wp-json\/wp\/v2\/users\/2"}],"replies":[{"embeddable":true,"href":"https:\/\/noordzeeameland.nl\/de\/wp-json\/wp\/v2\/comments?post=2660"}],"version-history":[{"count":0,"href":"https:\/\/noordzeeameland.nl\/de\/wp-json\/wp\/v2\/pages\/2660\/revisions"}],"wp:attachment":[{"href":"https:\/\/noordzeeameland.nl\/de\/wp-json\/wp\/v2\/media?parent=2660"}],"curies":[{"name":"wp","href":"https:\/\/api.w.org\/{rel}","templated":true}]}}