{"id":2673,"date":"2021-05-07T10:14:04","date_gmt":"2021-05-07T10:14:04","guid":{"rendered":"https:\/\/noordzeeameland.nl\/finden-sie-heraus-was-verfuegbar-ist"},"modified":"2022-10-20T08:54:00","modified_gmt":"2022-10-20T06:54:00","slug":"finden-sie-heraus-was-verfuegbar-ist","status":"publish","type":"page","link":"https:\/\/noordzeeameland.nl\/de\/finden-sie-heraus-was-verfuegbar-ist\/","title":{"rendered":"Suchen und buchen"},"content":{"rendered":"\n<p>\u00dcber die Suchfunktion unten k\u00f6nnen Sie ganz einfach den Preis und die Verf\u00fcgbarkeit aller Ferienh\u00e4user pr\u00fcfen und Ihren Urlaub direkt buchen. Genauso einfach.<\/p>\n\n<p><strong>Achtung!<\/strong> Um das Ferienhaus zu reservieren, k\u00f6nnen Sie aus den folgenden Zeitr\u00e4umen w\u00e4hlen (geben Sie das gew\u00fcnschte An- und Abreisedatum f\u00fcr den Zeitraum ein, um eine \u00dcbersicht der verf\u00fcgbaren Objekte zu erhalten).<\/p>\n\n<ul class=\"wp-block-list\"><li>Wochenende (Freitag bis Montag)<\/li><li>Wochenmitte (Montag &#8211; Freitag)<\/li><li>Woche (Freitag &#8211; Freitag oder Montag bis Montag)<\/li><\/ul>\n<div class=\"mphb_sc_search-wrapper is-style-horizontal-form\">\n<form method=\"GET\" class=\"mphb_sc_search-form\" action=\"https:\/\/noordzeeameland.nl\/de\/suchergebnisse\/\" data-first_available_check_in_date=\"2026-07-03\">\n\n\t\n\t<p class=\"mphb_sc_search-check-in-date\">\n\t\t<label for=\"mphb_check_in_date-mphb-search-form-69eb9c81194de\">\n\t\t\tAnreise\t\t\t<abbr title=\"Formatiert als mm\/dd\/yyyy\">*<\/abbr>\n\t\t<\/label>\n\t\t<br \/>\n\t\t<input\n\t\t\tid=\"mphb_check_in_date-mphb-search-form-69eb9c81194de\"\n\t\t\tdata-datepick-group=\"mphb-search-form-69eb9c81194de\"\n\t\t\tvalue=\"\"\n\t\t\tplaceholder=\"Anreisedatum\"\n\t\t\trequired=\"required\"\n\t\t\ttype=\"text\"\n\t\t\tinputmode=\"none\"\n\t\t\tname=\"mphb_check_in_date\"\n\t\t\tclass=\"mphb-datepick\"\n\t\t\tautocomplete=\"off\"\n\t\t\t\/>\n\t<\/p>\n\n\t<p class=\"mphb_sc_search-check-out-date\">\n\t\t<label for=\"mphb_check_out_date-mphb-search-form-69eb9c81194de\">\n\t\t\tAbreise\t\t\t<abbr title=\"Formatiert als mm\/dd\/yyyy\">*<\/abbr>\n\t\t<\/label>\n\t\t<br \/>\n\t\t<input\n\t\t\tid=\"mphb_check_out_date-mphb-search-form-69eb9c81194de\"\n\t\t\tdata-datepick-group=\"mphb-search-form-69eb9c81194de\"\n\t\t\tvalue=\"\"\n\t\t\tplaceholder=\"Abreisedatum\"\n\t\t\trequired=\"required\"\n\t\t\ttype=\"text\"\n\t\t\tinputmode=\"none\"\n\t\t\tname=\"mphb_check_out_date\"\n\t\t\tclass=\"mphb-datepick\"\n\t\t\tautocomplete=\"off\"\n\t\t\t\/>\n\t<\/p>\n\n\t\t\t<input type=\"hidden\" id=\"mphb_adults-mphb-search-form-69eb9c81194de\" name=\"mphb_adults\" value=\"1\" \/>\n\t\n\t\t\t<input type=\"hidden\" id=\"mphb_children-mphb-search-form-69eb9c81194de\" name=\"mphb_children\" value=\"0\" \/>\n\t\n\t\n\t\n\t<input id=\"mphb_check_in_date-mphb-search-form-69eb9c81194de-hidden\" value=\"\" type=\"hidden\" name=\"mphb_check_in_date\" \/><input id=\"mphb_check_out_date-mphb-search-form-69eb9c81194de-hidden\" value=\"\" type=\"hidden\" name=\"mphb_check_out_date\" \/>\n\t<p class=\"mphb_sc_search-submit-button-wrapper\">\n\t\t<input type=\"submit\" class=\"button\" value=\"Suche\"\/>\n\t<\/p>\n\n\t\n<\/form>\n<\/div><\/p>\n","protected":false},"excerpt":{"rendered":"<p>\u00dcber die Suchfunktion unten k\u00f6nnen Sie ganz einfach den Preis und die Verf\u00fcgbarkeit aller Ferienh\u00e4user pr\u00fcfen und Ihren Urlaub direkt buchen. Genauso einfach. Achtung! Um das Ferienhaus zu reservieren, k\u00f6nnen Sie aus den folgenden Zeitr\u00e4umen w\u00e4hlen (geben Sie das gew\u00fcnschte An- und Abreisedatum f\u00fcr den Zeitraum ein, um eine \u00dcbersicht der verf\u00fcgbaren Objekte zu erhalten). [&hellip;]<\/p>\n","protected":false},"author":2,"featured_media":0,"parent":0,"menu_order":0,"comment_status":"closed","ping_status":"closed","template":"","meta":{"footnotes":""},"class_list":["post-2673","page","type-page","status-publish","hentry"],"yoast_head":"<!-- This site is optimized with the Yoast SEO plugin v27.4 - https:\/\/yoast.com\/product\/yoast-seo-wordpress\/ -->\n<title>Suchen und buchen | Noordzee Vakantiewoningen Ameland<\/title>\n<meta name=\"description\" content=\"\u00dcber diese Seite k\u00f6nnen Sie bequem den Preis und die Verf\u00fcgbarkeit aller Ferienh\u00e4user pr\u00fcfen und Ihren Urlaub direkt buchen.\" \/>\n<meta name=\"robots\" content=\"index, follow, max-snippet:-1, max-image-preview:large, max-video-preview:-1\" \/>\n<link rel=\"canonical\" href=\"https:\/\/noordzeeameland.nl\/de\/finden-sie-heraus-was-verfuegbar-ist\/\" \/>\n<meta property=\"og:locale\" content=\"de_DE\" \/>\n<meta property=\"og:type\" content=\"article\" \/>\n<meta property=\"og:title\" content=\"Suchen und buchen | Noordzee Vakantiewoningen Ameland\" \/>\n<meta property=\"og:description\" content=\"\u00dcber diese Seite k\u00f6nnen Sie bequem den Preis und die Verf\u00fcgbarkeit aller Ferienh\u00e4user pr\u00fcfen und Ihren Urlaub direkt buchen.\" \/>\n<meta property=\"og:url\" content=\"https:\/\/noordzeeameland.nl\/de\/finden-sie-heraus-was-verfuegbar-ist\/\" \/>\n<meta property=\"og:site_name\" content=\"Noordzee Vakantiewoningen Ameland\" \/>\n<meta property=\"article:publisher\" content=\"https:\/\/www.facebook.com\/Noordzeevakantiewoningen\/\" \/>\n<meta property=\"article:modified_time\" content=\"2022-10-20T06:54:00+00:00\" \/>\n<meta name=\"twitter:card\" content=\"summary_large_image\" \/>\n<meta name=\"twitter:site\" content=\"@NoordzeeAmeland\" \/>\n<script type=\"application\/ld+json\" class=\"yoast-schema-graph\">{\"@context\":\"https:\\\/\\\/schema.org\",\"@graph\":[{\"@type\":\"WebPage\",\"@id\":\"https:\\\/\\\/noordzeeameland.nl\\\/de\\\/finden-sie-heraus-was-verfuegbar-ist\\\/\",\"url\":\"https:\\\/\\\/noordzeeameland.nl\\\/de\\\/finden-sie-heraus-was-verfuegbar-ist\\\/\",\"name\":\"Suchen und buchen | Noordzee Vakantiewoningen Ameland\",\"isPartOf\":{\"@id\":\"https:\\\/\\\/noordzeeameland.nl\\\/de\\\/#website\"},\"datePublished\":\"2021-05-07T10:14:04+00:00\",\"dateModified\":\"2022-10-20T06:54:00+00:00\",\"description\":\"\u00dcber diese Seite k\u00f6nnen Sie bequem den Preis und die Verf\u00fcgbarkeit aller Ferienh\u00e4user pr\u00fcfen und Ihren Urlaub direkt buchen.\",\"breadcrumb\":{\"@id\":\"https:\\\/\\\/noordzeeameland.nl\\\/de\\\/finden-sie-heraus-was-verfuegbar-ist\\\/#breadcrumb\"},\"inLanguage\":\"de\",\"potentialAction\":[{\"@type\":\"ReadAction\",\"target\":[\"https:\\\/\\\/noordzeeameland.nl\\\/de\\\/finden-sie-heraus-was-verfuegbar-ist\\\/\"]}]},{\"@type\":\"BreadcrumbList\",\"@id\":\"https:\\\/\\\/noordzeeameland.nl\\\/de\\\/finden-sie-heraus-was-verfuegbar-ist\\\/#breadcrumb\",\"itemListElement\":[{\"@type\":\"ListItem\",\"position\":1,\"name\":\"Home\",\"item\":\"https:\\\/\\\/noordzeeameland.nl\\\/de\\\/\"},{\"@type\":\"ListItem\",\"position\":2,\"name\":\"Suchen und buchen\"}]},{\"@type\":\"WebSite\",\"@id\":\"https:\\\/\\\/noordzeeameland.nl\\\/de\\\/#website\",\"url\":\"https:\\\/\\\/noordzeeameland.nl\\\/de\\\/\",\"name\":\"Noordzee Vakantiewoningen Ameland\",\"description\":\"\",\"publisher\":{\"@id\":\"https:\\\/\\\/noordzeeameland.nl\\\/de\\\/#organization\"},\"potentialAction\":[{\"@type\":\"SearchAction\",\"target\":{\"@type\":\"EntryPoint\",\"urlTemplate\":\"https:\\\/\\\/noordzeeameland.nl\\\/de\\\/?s={search_term_string}\"},\"query-input\":{\"@type\":\"PropertyValueSpecification\",\"valueRequired\":true,\"valueName\":\"search_term_string\"}}],\"inLanguage\":\"de\"},{\"@type\":\"Organization\",\"@id\":\"https:\\\/\\\/noordzeeameland.nl\\\/de\\\/#organization\",\"name\":\"Noordzee Vakantiewoningen Ameland\",\"url\":\"https:\\\/\\\/noordzeeameland.nl\\\/de\\\/\",\"logo\":{\"@type\":\"ImageObject\",\"inLanguage\":\"de\",\"@id\":\"https:\\\/\\\/noordzeeameland.nl\\\/de\\\/#\\\/schema\\\/logo\\\/image\\\/\",\"url\":\"https:\\\/\\\/noordzeeameland.nl\\\/wp-content\\\/uploads\\\/2021\\\/04\\\/cropped-logo_large-1.png\",\"contentUrl\":\"https:\\\/\\\/noordzeeameland.nl\\\/wp-content\\\/uploads\\\/2021\\\/04\\\/cropped-logo_large-1.png\",\"width\":1500,\"height\":320,\"caption\":\"Noordzee Vakantiewoningen Ameland\"},\"image\":{\"@id\":\"https:\\\/\\\/noordzeeameland.nl\\\/de\\\/#\\\/schema\\\/logo\\\/image\\\/\"},\"sameAs\":[\"https:\\\/\\\/www.facebook.com\\\/Noordzeevakantiewoningen\\\/\",\"https:\\\/\\\/x.com\\\/NoordzeeAmeland\",\"https:\\\/\\\/www.instagram.com\\\/noordzeeameland\\\/\",\"https:\\\/\\\/www.linkedin.com\\\/company\\\/noordzee-vakantiewoningen\\\/\",\"https:\\\/\\\/nl.pinterest.com\\\/NoordzeeVakantiewoningen\\\/_saved\\\/\"]}]}<\/script>\n<!-- \/ Yoast SEO plugin. -->","yoast_head_json":{"title":"Suchen und buchen | Noordzee Vakantiewoningen Ameland","description":"\u00dcber diese Seite k\u00f6nnen Sie bequem den Preis und die Verf\u00fcgbarkeit aller Ferienh\u00e4user pr\u00fcfen und Ihren Urlaub direkt buchen.","robots":{"index":"index","follow":"follow","max-snippet":"max-snippet:-1","max-image-preview":"max-image-preview:large","max-video-preview":"max-video-preview:-1"},"canonical":"https:\/\/noordzeeameland.nl\/de\/finden-sie-heraus-was-verfuegbar-ist\/","og_locale":"de_DE","og_type":"article","og_title":"Suchen und buchen | Noordzee Vakantiewoningen Ameland","og_description":"\u00dcber diese Seite k\u00f6nnen Sie bequem den Preis und die Verf\u00fcgbarkeit aller Ferienh\u00e4user pr\u00fcfen und Ihren Urlaub direkt buchen.","og_url":"https:\/\/noordzeeameland.nl\/de\/finden-sie-heraus-was-verfuegbar-ist\/","og_site_name":"Noordzee Vakantiewoningen Ameland","article_publisher":"https:\/\/www.facebook.com\/Noordzeevakantiewoningen\/","article_modified_time":"2022-10-20T06:54:00+00:00","twitter_card":"summary_large_image","twitter_site":"@NoordzeeAmeland","schema":{"@context":"https:\/\/schema.org","@graph":[{"@type":"WebPage","@id":"https:\/\/noordzeeameland.nl\/de\/finden-sie-heraus-was-verfuegbar-ist\/","url":"https:\/\/noordzeeameland.nl\/de\/finden-sie-heraus-was-verfuegbar-ist\/","name":"Suchen und buchen | Noordzee Vakantiewoningen Ameland","isPartOf":{"@id":"https:\/\/noordzeeameland.nl\/de\/#website"},"datePublished":"2021-05-07T10:14:04+00:00","dateModified":"2022-10-20T06:54:00+00:00","description":"\u00dcber diese Seite k\u00f6nnen Sie bequem den Preis und die Verf\u00fcgbarkeit aller Ferienh\u00e4user pr\u00fcfen und Ihren Urlaub direkt buchen.","breadcrumb":{"@id":"https:\/\/noordzeeameland.nl\/de\/finden-sie-heraus-was-verfuegbar-ist\/#breadcrumb"},"inLanguage":"de","potentialAction":[{"@type":"ReadAction","target":["https:\/\/noordzeeameland.nl\/de\/finden-sie-heraus-was-verfuegbar-ist\/"]}]},{"@type":"BreadcrumbList","@id":"https:\/\/noordzeeameland.nl\/de\/finden-sie-heraus-was-verfuegbar-ist\/#breadcrumb","itemListElement":[{"@type":"ListItem","position":1,"name":"Home","item":"https:\/\/noordzeeameland.nl\/de\/"},{"@type":"ListItem","position":2,"name":"Suchen und buchen"}]},{"@type":"WebSite","@id":"https:\/\/noordzeeameland.nl\/de\/#website","url":"https:\/\/noordzeeameland.nl\/de\/","name":"Noordzee Vakantiewoningen Ameland","description":"","publisher":{"@id":"https:\/\/noordzeeameland.nl\/de\/#organization"},"potentialAction":[{"@type":"SearchAction","target":{"@type":"EntryPoint","urlTemplate":"https:\/\/noordzeeameland.nl\/de\/?s={search_term_string}"},"query-input":{"@type":"PropertyValueSpecification","valueRequired":true,"valueName":"search_term_string"}}],"inLanguage":"de"},{"@type":"Organization","@id":"https:\/\/noordzeeameland.nl\/de\/#organization","name":"Noordzee Vakantiewoningen Ameland","url":"https:\/\/noordzeeameland.nl\/de\/","logo":{"@type":"ImageObject","inLanguage":"de","@id":"https:\/\/noordzeeameland.nl\/de\/#\/schema\/logo\/image\/","url":"https:\/\/noordzeeameland.nl\/wp-content\/uploads\/2021\/04\/cropped-logo_large-1.png","contentUrl":"https:\/\/noordzeeameland.nl\/wp-content\/uploads\/2021\/04\/cropped-logo_large-1.png","width":1500,"height":320,"caption":"Noordzee Vakantiewoningen Ameland"},"image":{"@id":"https:\/\/noordzeeameland.nl\/de\/#\/schema\/logo\/image\/"},"sameAs":["https:\/\/www.facebook.com\/Noordzeevakantiewoningen\/","https:\/\/x.com\/NoordzeeAmeland","https:\/\/www.instagram.com\/noordzeeameland\/","https:\/\/www.linkedin.com\/company\/noordzee-vakantiewoningen\/","https:\/\/nl.pinterest.com\/NoordzeeVakantiewoningen\/_saved\/"]}]}},"_links":{"self":[{"href":"https:\/\/noordzeeameland.nl\/de\/wp-json\/wp\/v2\/pages\/2673","targetHints":{"allow":["GET"]}}],"collection":[{"href":"https:\/\/noordzeeameland.nl\/de\/wp-json\/wp\/v2\/pages"}],"about":[{"href":"https:\/\/noordzeeameland.nl\/de\/wp-json\/wp\/v2\/types\/page"}],"author":[{"embeddable":true,"href":"https:\/\/noordzeeameland.nl\/de\/wp-json\/wp\/v2\/users\/2"}],"replies":[{"embeddable":true,"href":"https:\/\/noordzeeameland.nl\/de\/wp-json\/wp\/v2\/comments?post=2673"}],"version-history":[{"count":0,"href":"https:\/\/noordzeeameland.nl\/de\/wp-json\/wp\/v2\/pages\/2673\/revisions"}],"wp:attachment":[{"href":"https:\/\/noordzeeameland.nl\/de\/wp-json\/wp\/v2\/media?parent=2673"}],"curies":[{"name":"wp","href":"https:\/\/api.w.org\/{rel}","templated":true}]}}