{"id":2682,"date":"2021-05-07T10:18:46","date_gmt":"2021-05-07T10:18:46","guid":{"rendered":"https:\/\/noordzeeameland.nl\/ueber-uns"},"modified":"2025-03-06T13:41:46","modified_gmt":"2025-03-06T12:41:46","slug":"ueber-uns","status":"publish","type":"page","link":"https:\/\/noordzeeameland.nl\/de\/ueber-uns\/","title":{"rendered":"\u00dcber uns"},"content":{"rendered":"\n<div class=\"wp-block-columns has-3-columns is-layout-flex wp-container-core-columns-is-layout-28f84493 wp-block-columns-is-layout-flex\">\n<div class=\"wp-block-column is-layout-flow wp-block-column-is-layout-flow\">\n<div class=\"wp-block-getwid-person is-image-cropped\"><div class=\"wp-block-getwid-person__image\"><img loading=\"lazy\" decoding=\"async\" width=\"768\" height=\"1024\" src=\"https:\/\/noordzeeameland.nl\/wp-content\/uploads\/2023\/08\/c60a115b-2414-43d2-a657-0bcf4bb0d03b-jpg.webp\" alt=\"\" class=\"wp-image-14445\" srcset=\"https:\/\/noordzeeameland.nl\/wp-content\/uploads\/2023\/08\/c60a115b-2414-43d2-a657-0bcf4bb0d03b-jpg.webp 768w, https:\/\/noordzeeameland.nl\/wp-content\/uploads\/2023\/08\/c60a115b-2414-43d2-a657-0bcf4bb0d03b-225x300.webp 225w, https:\/\/noordzeeameland.nl\/wp-content\/uploads\/2023\/08\/c60a115b-2414-43d2-a657-0bcf4bb0d03b-600x800.webp 600w\" sizes=\"auto, (max-width: 768px) 100vw, 768px\" \/><\/div><div class=\"wp-block-getwid-person__content-wrapper\"><span class=\"wp-block-getwid-person__title\">Jetse Johan Biesheuvel<\/span><span class=\"wp-block-getwid-person__subtitle\">Beheerder<\/span>\n<div class=\"wp-block-getwid-social-links has-default-spacing\"><ul class=\"wp-block-getwid-social-links__list getwid-justify-content-flex-start\"><li class=\"wp-block-getwid-social-links__item\"><a class=\"wp-block-getwid-social-links__link\" href=\"https:\/\/www.facebook.com\/jetse.biesheuvel\" target=\"_blank\" rel=\"noreferrer noopener\"><span class=\"wp-block-getwid-social-links__wrapper\"><i class=\"fab fa-facebook-f\"><\/i><\/span><\/a><\/li><li class=\"wp-block-getwid-social-links__item\"><a class=\"wp-block-getwid-social-links__link\" href=\"https:\/\/instagram.com\/jetsebiesheuvel\" target=\"_blank\" rel=\"noreferrer noopener\"><span class=\"wp-block-getwid-social-links__wrapper\"><i class=\"fab fa-instagram\"><\/i><\/span><\/a><\/li><li class=\"wp-block-getwid-social-links__item\"><a class=\"wp-block-getwid-social-links__link\" href=\"https:\/\/www.linkedin.com\/in\/jetsebiesheuvel\" target=\"_blank\" rel=\"noreferrer noopener\"><span class=\"wp-block-getwid-social-links__wrapper\"><i class=\"fab fa-linkedin-in\"><\/i><\/span><\/a><\/li><\/ul><\/div>\n<\/div><\/div>\n<\/div>\n\n\n\n<div class=\"wp-block-column is-layout-flow wp-block-column-is-layout-flow\">\n<p>Jetse J. Biesheuvel ist der \u00e4lteste Sohn von Andr\u00e9 J. Biesheuvel und kommt seit seiner Geburt nach Ameland. <\/p>\n\n\n\n<p>Er studierte Betriebswirtschaftslehre in Amsterdam und arbeitete jahrelang als Marketing- und Kommunikationsmanager bei einem Treuhandnetzwerk, ICT-Unternehmen und einer Agentur mit Fokus auf Rechts- und Compliance-Dienstleistungen.<\/p>\n\n\n\n<p>In seiner Freizeit geht er gerne surfen, SUP fahren und Kitesurfen. Au\u00dferdem spielt er jedes Jahr mit seinem Team, den Amelander Beach Rugby Seals (ABRS), beim <a href=\"https:\/\/amelandbeachrugby.nl\/nl\/home-nederlands-nieuw\/\" target=\"_blank\" rel=\"noreferrer noopener\">Amelander Beach Rugby Festival<\/a>.<\/p>\n<\/div>\n\n\n\n<div class=\"wp-block-column is-layout-flow wp-block-column-is-layout-flow\">\n<p>Brauchen Sie Hilfe bei der Reservierung eines der <strong><a href=\"https:\/\/noordzeeameland.nl\/de\/ferienwohnungen\/\" target=\"_blank\" rel=\"noreferrer noopener\">Ferienh\u00e4user<\/a><\/strong>? Bitte <a href=\"https:\/\/noordzeeameland.nl\/de\/kontakt\/\"><strong>kontaktieren<\/strong><\/a> Sie Jetse Johan. <\/p>\n\n\n\n<p>Wir w\u00fcrden Sie gerne auf den verschiedenen Medien und nat\u00fcrlich in einem unserer Ferienh\u00e4user auf dem sch\u00f6nen Ameland begr\u00fc\u00dfen. <\/p>\n<\/div>\n<\/div>\n","protected":false},"excerpt":{"rendered":"<p>Wir bieten Ferienh\u00e4user und Landh\u00e4user an den sch\u00f6nsten Orten auf Ameland.<\/p>\n","protected":false},"author":2,"featured_media":0,"parent":0,"menu_order":0,"comment_status":"closed","ping_status":"closed","template":"template-wide-page.php","meta":{"footnotes":""},"class_list":["post-2682","page","type-page","status-publish","hentry"],"yoast_head":"<!-- This site is optimized with the Yoast SEO plugin v27.4 - https:\/\/yoast.com\/product\/yoast-seo-wordpress\/ -->\n<title>\u00dcber uns | Noordzee Vakantiewoningen Ameland<\/title>\n<meta name=\"robots\" content=\"index, follow, max-snippet:-1, max-image-preview:large, max-video-preview:-1\" \/>\n<link rel=\"canonical\" href=\"https:\/\/noordzeeameland.nl\/de\/ueber-uns\/\" \/>\n<meta property=\"og:locale\" content=\"de_DE\" \/>\n<meta property=\"og:type\" content=\"article\" \/>\n<meta property=\"og:title\" content=\"\u00dcber uns | Noordzee Vakantiewoningen Ameland\" \/>\n<meta property=\"og:description\" content=\"Wir bieten Ferienh\u00e4user und Landh\u00e4user an den sch\u00f6nsten Orten auf Ameland.\" \/>\n<meta property=\"og:url\" content=\"https:\/\/noordzeeameland.nl\/de\/ueber-uns\/\" \/>\n<meta property=\"og:site_name\" content=\"Noordzee Vakantiewoningen Ameland\" \/>\n<meta property=\"article:publisher\" content=\"https:\/\/www.facebook.com\/Noordzeevakantiewoningen\/\" \/>\n<meta property=\"article:modified_time\" content=\"2025-03-06T12:41:46+00:00\" \/>\n<meta property=\"og:image\" content=\"https:\/\/noordzeeameland.nl\/wp-content\/uploads\/2023\/08\/c60a115b-2414-43d2-a657-0bcf4bb0d03b-jpg.webp\" \/>\n\t<meta property=\"og:image:width\" content=\"768\" \/>\n\t<meta property=\"og:image:height\" content=\"1024\" \/>\n\t<meta property=\"og:image:type\" content=\"image\/jpeg\" \/>\n<meta name=\"twitter:card\" content=\"summary_large_image\" \/>\n<meta name=\"twitter:site\" content=\"@NoordzeeAmeland\" \/>\n<meta name=\"twitter:label1\" content=\"Gesch\u00e4tzte Lesezeit\" \/>\n\t<meta name=\"twitter:data1\" content=\"1\u00a0Minute\" \/>\n<script type=\"application\/ld+json\" class=\"yoast-schema-graph\">{\"@context\":\"https:\\\/\\\/schema.org\",\"@graph\":[{\"@type\":\"WebPage\",\"@id\":\"https:\\\/\\\/noordzeeameland.nl\\\/de\\\/ueber-uns\\\/\",\"url\":\"https:\\\/\\\/noordzeeameland.nl\\\/de\\\/ueber-uns\\\/\",\"name\":\"\u00dcber uns | Noordzee Vakantiewoningen Ameland\",\"isPartOf\":{\"@id\":\"https:\\\/\\\/noordzeeameland.nl\\\/de\\\/#website\"},\"primaryImageOfPage\":{\"@id\":\"https:\\\/\\\/noordzeeameland.nl\\\/de\\\/ueber-uns\\\/#primaryimage\"},\"image\":{\"@id\":\"https:\\\/\\\/noordzeeameland.nl\\\/de\\\/ueber-uns\\\/#primaryimage\"},\"thumbnailUrl\":\"https:\\\/\\\/noordzeeameland.nl\\\/wp-content\\\/uploads\\\/2023\\\/08\\\/c60a115b-2414-43d2-a657-0bcf4bb0d03b-jpg.webp\",\"datePublished\":\"2021-05-07T10:18:46+00:00\",\"dateModified\":\"2025-03-06T12:41:46+00:00\",\"breadcrumb\":{\"@id\":\"https:\\\/\\\/noordzeeameland.nl\\\/de\\\/ueber-uns\\\/#breadcrumb\"},\"inLanguage\":\"de\",\"potentialAction\":[{\"@type\":\"ReadAction\",\"target\":[\"https:\\\/\\\/noordzeeameland.nl\\\/de\\\/ueber-uns\\\/\"]}]},{\"@type\":\"ImageObject\",\"inLanguage\":\"de\",\"@id\":\"https:\\\/\\\/noordzeeameland.nl\\\/de\\\/ueber-uns\\\/#primaryimage\",\"url\":\"https:\\\/\\\/noordzeeameland.nl\\\/wp-content\\\/uploads\\\/2023\\\/08\\\/c60a115b-2414-43d2-a657-0bcf4bb0d03b-jpg.webp\",\"contentUrl\":\"https:\\\/\\\/noordzeeameland.nl\\\/wp-content\\\/uploads\\\/2023\\\/08\\\/c60a115b-2414-43d2-a657-0bcf4bb0d03b-jpg.webp\"},{\"@type\":\"BreadcrumbList\",\"@id\":\"https:\\\/\\\/noordzeeameland.nl\\\/de\\\/ueber-uns\\\/#breadcrumb\",\"itemListElement\":[{\"@type\":\"ListItem\",\"position\":1,\"name\":\"Home\",\"item\":\"https:\\\/\\\/noordzeeameland.nl\\\/de\\\/\"},{\"@type\":\"ListItem\",\"position\":2,\"name\":\"\u00dcber uns\"}]},{\"@type\":\"WebSite\",\"@id\":\"https:\\\/\\\/noordzeeameland.nl\\\/de\\\/#website\",\"url\":\"https:\\\/\\\/noordzeeameland.nl\\\/de\\\/\",\"name\":\"Noordzee Vakantiewoningen Ameland\",\"description\":\"\",\"publisher\":{\"@id\":\"https:\\\/\\\/noordzeeameland.nl\\\/de\\\/#organization\"},\"potentialAction\":[{\"@type\":\"SearchAction\",\"target\":{\"@type\":\"EntryPoint\",\"urlTemplate\":\"https:\\\/\\\/noordzeeameland.nl\\\/de\\\/?s={search_term_string}\"},\"query-input\":{\"@type\":\"PropertyValueSpecification\",\"valueRequired\":true,\"valueName\":\"search_term_string\"}}],\"inLanguage\":\"de\"},{\"@type\":\"Organization\",\"@id\":\"https:\\\/\\\/noordzeeameland.nl\\\/de\\\/#organization\",\"name\":\"Noordzee Vakantiewoningen Ameland\",\"url\":\"https:\\\/\\\/noordzeeameland.nl\\\/de\\\/\",\"logo\":{\"@type\":\"ImageObject\",\"inLanguage\":\"de\",\"@id\":\"https:\\\/\\\/noordzeeameland.nl\\\/de\\\/#\\\/schema\\\/logo\\\/image\\\/\",\"url\":\"https:\\\/\\\/noordzeeameland.nl\\\/wp-content\\\/uploads\\\/2021\\\/04\\\/cropped-logo_large-1.png\",\"contentUrl\":\"https:\\\/\\\/noordzeeameland.nl\\\/wp-content\\\/uploads\\\/2021\\\/04\\\/cropped-logo_large-1.png\",\"width\":1500,\"height\":320,\"caption\":\"Noordzee Vakantiewoningen Ameland\"},\"image\":{\"@id\":\"https:\\\/\\\/noordzeeameland.nl\\\/de\\\/#\\\/schema\\\/logo\\\/image\\\/\"},\"sameAs\":[\"https:\\\/\\\/www.facebook.com\\\/Noordzeevakantiewoningen\\\/\",\"https:\\\/\\\/x.com\\\/NoordzeeAmeland\",\"https:\\\/\\\/www.instagram.com\\\/noordzeeameland\\\/\",\"https:\\\/\\\/www.linkedin.com\\\/company\\\/noordzee-vakantiewoningen\\\/\",\"https:\\\/\\\/nl.pinterest.com\\\/NoordzeeVakantiewoningen\\\/_saved\\\/\"]}]}<\/script>\n<!-- \/ Yoast SEO plugin. -->","yoast_head_json":{"title":"\u00dcber uns | Noordzee Vakantiewoningen Ameland","robots":{"index":"index","follow":"follow","max-snippet":"max-snippet:-1","max-image-preview":"max-image-preview:large","max-video-preview":"max-video-preview:-1"},"canonical":"https:\/\/noordzeeameland.nl\/de\/ueber-uns\/","og_locale":"de_DE","og_type":"article","og_title":"\u00dcber uns | Noordzee Vakantiewoningen Ameland","og_description":"Wir bieten Ferienh\u00e4user und Landh\u00e4user an den sch\u00f6nsten Orten auf Ameland.","og_url":"https:\/\/noordzeeameland.nl\/de\/ueber-uns\/","og_site_name":"Noordzee Vakantiewoningen Ameland","article_publisher":"https:\/\/www.facebook.com\/Noordzeevakantiewoningen\/","article_modified_time":"2025-03-06T12:41:46+00:00","og_image":[{"width":768,"height":1024,"url":"https:\/\/noordzeeameland.nl\/wp-content\/uploads\/2023\/08\/c60a115b-2414-43d2-a657-0bcf4bb0d03b-jpg.webp","type":"image\/jpeg"}],"twitter_card":"summary_large_image","twitter_site":"@NoordzeeAmeland","twitter_misc":{"Gesch\u00e4tzte Lesezeit":"1\u00a0Minute"},"schema":{"@context":"https:\/\/schema.org","@graph":[{"@type":"WebPage","@id":"https:\/\/noordzeeameland.nl\/de\/ueber-uns\/","url":"https:\/\/noordzeeameland.nl\/de\/ueber-uns\/","name":"\u00dcber uns | Noordzee Vakantiewoningen Ameland","isPartOf":{"@id":"https:\/\/noordzeeameland.nl\/de\/#website"},"primaryImageOfPage":{"@id":"https:\/\/noordzeeameland.nl\/de\/ueber-uns\/#primaryimage"},"image":{"@id":"https:\/\/noordzeeameland.nl\/de\/ueber-uns\/#primaryimage"},"thumbnailUrl":"https:\/\/noordzeeameland.nl\/wp-content\/uploads\/2023\/08\/c60a115b-2414-43d2-a657-0bcf4bb0d03b-jpg.webp","datePublished":"2021-05-07T10:18:46+00:00","dateModified":"2025-03-06T12:41:46+00:00","breadcrumb":{"@id":"https:\/\/noordzeeameland.nl\/de\/ueber-uns\/#breadcrumb"},"inLanguage":"de","potentialAction":[{"@type":"ReadAction","target":["https:\/\/noordzeeameland.nl\/de\/ueber-uns\/"]}]},{"@type":"ImageObject","inLanguage":"de","@id":"https:\/\/noordzeeameland.nl\/de\/ueber-uns\/#primaryimage","url":"https:\/\/noordzeeameland.nl\/wp-content\/uploads\/2023\/08\/c60a115b-2414-43d2-a657-0bcf4bb0d03b-jpg.webp","contentUrl":"https:\/\/noordzeeameland.nl\/wp-content\/uploads\/2023\/08\/c60a115b-2414-43d2-a657-0bcf4bb0d03b-jpg.webp"},{"@type":"BreadcrumbList","@id":"https:\/\/noordzeeameland.nl\/de\/ueber-uns\/#breadcrumb","itemListElement":[{"@type":"ListItem","position":1,"name":"Home","item":"https:\/\/noordzeeameland.nl\/de\/"},{"@type":"ListItem","position":2,"name":"\u00dcber uns"}]},{"@type":"WebSite","@id":"https:\/\/noordzeeameland.nl\/de\/#website","url":"https:\/\/noordzeeameland.nl\/de\/","name":"Noordzee Vakantiewoningen Ameland","description":"","publisher":{"@id":"https:\/\/noordzeeameland.nl\/de\/#organization"},"potentialAction":[{"@type":"SearchAction","target":{"@type":"EntryPoint","urlTemplate":"https:\/\/noordzeeameland.nl\/de\/?s={search_term_string}"},"query-input":{"@type":"PropertyValueSpecification","valueRequired":true,"valueName":"search_term_string"}}],"inLanguage":"de"},{"@type":"Organization","@id":"https:\/\/noordzeeameland.nl\/de\/#organization","name":"Noordzee Vakantiewoningen Ameland","url":"https:\/\/noordzeeameland.nl\/de\/","logo":{"@type":"ImageObject","inLanguage":"de","@id":"https:\/\/noordzeeameland.nl\/de\/#\/schema\/logo\/image\/","url":"https:\/\/noordzeeameland.nl\/wp-content\/uploads\/2021\/04\/cropped-logo_large-1.png","contentUrl":"https:\/\/noordzeeameland.nl\/wp-content\/uploads\/2021\/04\/cropped-logo_large-1.png","width":1500,"height":320,"caption":"Noordzee Vakantiewoningen Ameland"},"image":{"@id":"https:\/\/noordzeeameland.nl\/de\/#\/schema\/logo\/image\/"},"sameAs":["https:\/\/www.facebook.com\/Noordzeevakantiewoningen\/","https:\/\/x.com\/NoordzeeAmeland","https:\/\/www.instagram.com\/noordzeeameland\/","https:\/\/www.linkedin.com\/company\/noordzee-vakantiewoningen\/","https:\/\/nl.pinterest.com\/NoordzeeVakantiewoningen\/_saved\/"]}]}},"_links":{"self":[{"href":"https:\/\/noordzeeameland.nl\/de\/wp-json\/wp\/v2\/pages\/2682","targetHints":{"allow":["GET"]}}],"collection":[{"href":"https:\/\/noordzeeameland.nl\/de\/wp-json\/wp\/v2\/pages"}],"about":[{"href":"https:\/\/noordzeeameland.nl\/de\/wp-json\/wp\/v2\/types\/page"}],"author":[{"embeddable":true,"href":"https:\/\/noordzeeameland.nl\/de\/wp-json\/wp\/v2\/users\/2"}],"replies":[{"embeddable":true,"href":"https:\/\/noordzeeameland.nl\/de\/wp-json\/wp\/v2\/comments?post=2682"}],"version-history":[{"count":0,"href":"https:\/\/noordzeeameland.nl\/de\/wp-json\/wp\/v2\/pages\/2682\/revisions"}],"wp:attachment":[{"href":"https:\/\/noordzeeameland.nl\/de\/wp-json\/wp\/v2\/media?parent=2682"}],"curies":[{"name":"wp","href":"https:\/\/api.w.org\/{rel}","templated":true}]}}