{"id":2826,"date":"2021-05-24T16:15:22","date_gmt":"2021-05-24T14:15:22","guid":{"rendered":"https:\/\/noordzeeameland.nl\/haeufig-gestellte-fragen"},"modified":"2025-03-06T13:41:46","modified_gmt":"2025-03-06T12:41:46","slug":"haeufig-gestellte-fragen","status":"publish","type":"page","link":"https:\/\/noordzeeameland.nl\/de\/haeufig-gestellte-fragen\/","title":{"rendered":"H\u00e4ufig gestellte Fragen"},"content":{"rendered":"\n<div class=\"wp-block-columns is-layout-flex wp-container-core-columns-is-layout-28f84493 wp-block-columns-is-layout-flex\">\n<div class=\"wp-block-column is-layout-flow wp-block-column-is-layout-flow\">\n<h2 class=\"wp-block-heading\">\u00c4nderungen und Stornierung<\/h2>\n\n\n\n<p><strong>Ich m\u00f6chte meine Reisedaten \u00e4ndern. Ist das m\u00f6glich?<\/strong><\/p>\n\n\n\n<p>Ja, Sie k\u00f6nnen Ihre Reisedaten \u00e4ndern, wenn I<strong>hr Ankunftsdatum (noch) nicht innerhalb von 28 Tagen ab heute liegt<\/strong>. Hierzu k\u00f6nnen Sie uns <a href=\"https:\/\/noordzeeameland.nl\/de\/kontakt\/\" target=\"_blank\" rel=\"noreferrer noopener\"><strong>kontaktieren<\/strong><\/a>. Abh\u00e4ngig von Ihrem neuen An- oder Abreisedatum bleibt die Miete der Buchung gleich oder erh\u00f6ht sich. Sollte sich die ge\u00e4nderte Buchung als teurer herausstellen, zahlen Sie den Mehrbetrag extra.<\/p>\n\n\n\n<p><strong>Ich m\u00f6chte meine Reservierung stornieren. Wie mache ich das?<\/strong><\/p>\n\n\n\n<p>Sie k\u00f6nnen uns gerne <a rel=\"noreferrer noopener\" href=\"https:\/\/noordzeeameland.nl\/de\/kontakt\/\" target=\"_blank\"><strong>kontaktieren<\/strong><\/a>. Je nach Ankunftsdatum und Buchungszeit k\u00f6nnen wir f\u00fcr Stornierungen eine Geb\u00fchr erheben. <\/p>\n\n\n\n<p>Siehe unsere <strong><a href=\"https:\/\/noordzeeameland.nl\/de\/stornierungsbedingungen\/\" target=\"_blank\" rel=\"noreferrer noopener\">Stornobedingungen<\/a><\/strong>.<\/p>\n\n\n\n<p><strong>Wie viel von meiner Reisesumme bekomme ich zur\u00fcck, wenn ich jetzt storniere?<\/strong><\/p>\n\n\n\n<p>Hier finden Sie die <a href=\"https:\/\/noordzeeameland.nl\/de\/stornierungsbedingungen\/\" target=\"_blank\" rel=\"noreferrer noopener\"><strong>Stornobedingungen<\/strong><\/a>.<\/p>\n<\/div>\n\n\n\n<div class=\"wp-block-column is-layout-flow wp-block-column-is-layout-flow\">\n<h2 class=\"wp-block-heading\">Reservieren und bezahlen<\/h2>\n\n\n\n<p><strong>Welche Zahlungsm\u00f6glichkeiten gibt es?<\/strong><\/p>\n\n\n\n<p>Zahlungen k\u00f6nnen sicher und einfach von einem direkten Bankkonto (SEPA), IDEAL oder Bank\u00fcberweisung \u00fcber unsere IBAN-Kontonummer erfolgen.<\/p>\n\n\n\n<p><strong>Kann ich einen Zahlungsaufschub bekommen?<\/strong><\/p>\n\n\n\n<p>Welche Zahlungsbedingungen f\u00fcr Sie gelten, k\u00f6nnen Sie unseren <a href=\"https:\/\/noordzeeameland.nl\/de\/geschaeftsbedingungen\/\" target=\"_blank\" rel=\"noreferrer noopener\"><strong>Allgemeinen Gesch\u00e4ftsbedingungen<\/strong><\/a> entnehmen. Davon machen wir keine Ausnahmen. Keine Zahlung innerhalb der festgelegten Zahlungsfrist bedeutet eine Stornierung Ihrer Reservierung.<\/p>\n\n\n\n<p><strong>Warum empfehlen Sie eine Reiser\u00fccktrittsversicherung?<\/strong><\/p>\n\n\n\n<p>Es kann immer etwas passieren, dass Sie Ihren Aufenthalt\/Ihre Reservierung im Voraus stornieren m\u00fcssen. Oft sind dies unvorhergesehene Gr\u00fcnde mit finanziellen Folgen. Sie k\u00f6nnen bei der Buchung eine Stornoversicherung abschlie\u00dfen. Das mildert die Entscheidung, Ihren Aufenthalt bei uns zu stornieren.<\/p>\n<\/div>\n<\/div>\n\n<div style=\"height:50px\" aria-hidden=\"true\" class=\"wp-block-spacer\"><\/div>\n\n<div class=\"wp-block-columns is-layout-flex wp-container-core-columns-is-layout-28f84493 wp-block-columns-is-layout-flex\">\n<div class=\"wp-block-column is-layout-flow wp-block-column-is-layout-flow\">\n<h2 class=\"wp-block-heading\">Anreise, Aufenthalt und Abreise<\/h2>\n\n\n\n<p><strong>Wann kann ich mein Ferienhaus betreten?<\/strong><\/p>\n\n\n\n<p>Am Anreisetag k\u00f6nnen Sie Ihre Ferienwohnungen ab 16.00 Uhr beziehen. <\/p>\n\n\n\n<p><strong>Wann muss ich mein Ferienhaus verlassen?<\/strong><\/p>\n\n\n\n<p>Am Abreisetag k\u00f6nnen Sie Ihre Ferienunterk\u00fcnfte bis 10:00 Uhr nutzen. Wir bitten Sie freundlichst zu gehen. Der Schl\u00fcssel kann im Safe hinterlegt werden.<\/p>\n\n\n\n<p><strong>Was wird vor meiner Abreise von mir erwartet?<\/strong><\/p>\n\n\n\n<p>Am Abreisetag bitten wir Sie, das Ferienhaus besenrein zu hinterlassen und die Sp\u00fclmaschine auszur\u00e4umen. Die Bettw\u00e4sche und Badet\u00fccher werfen Sie in den blauen W\u00e4schesack im Flur und Ihren Abfall bringen Sie zu den Abfallbeh\u00e4ltern.<\/p>\n<\/div>\n\n\n\n<div class=\"wp-block-column is-layout-flow wp-block-column-is-layout-flow\">\n<h2 class=\"wp-block-heading\">Andere<\/h2>\n\n\n\n<p><strong>Kann ich mich f\u00fcr den Newsletter anmelden?<\/strong><\/p>\n\n\n\n<p>Ja, Sie k\u00f6nnen sich <a href=\"https:\/\/noordzeeameland.nl\/de\/newsletter\/\" target=\"_blank\" rel=\"noreferrer noopener\">hier<\/a> anmelden.<\/p>\n\n\n\n<p><strong>Kann ich Sie in den sozialen Medien finden?<\/strong><\/p>\n\n\n\n<p>Wir sind auf verschiedenen Social-Media-Kan\u00e4len aktiv, wie zum Beispiel:<\/p>\n\n\n\n<ul class=\"wp-block-list\">\n<li><a href=\"https:\/\/www.facebook.com\/Noordzeevakantiewoningen\/\" target=\"_blank\" rel=\"noreferrer noopener\">Facebook<\/a><\/li>\n\n\n\n<li><a href=\"https:\/\/www.instagram.com\/noordzeeameland\/\" target=\"_blank\" rel=\"noreferrer noopener\">Instagram<\/a><\/li>\n\n\n\n<li><a href=\"https:\/\/twitter.com\/NoordzeeAmeland\" target=\"_blank\" rel=\"noreferrer noopener\">(X) Twitter<\/a><\/li>\n\n\n\n<li><a href=\"https:\/\/www.linkedin.com\/company\/noordzee-vakantiewoningen\/\" target=\"_blank\" rel=\"noreferrer noopener\">LinkedIn<\/a><\/li>\n<\/ul>\n<\/div>\n<\/div>\n\n<div style=\"height:50px\" aria-hidden=\"true\" class=\"wp-block-spacer\"><\/div>\n\n<div class=\"wp-block-columns is-layout-flex wp-container-core-columns-is-layout-28f84493 wp-block-columns-is-layout-flex\">\n<div class=\"wp-block-column is-layout-flow wp-block-column-is-layout-flow\">\n<h2 class=\"wp-block-heading\">Dienstleistungen<\/h2>\n\n\n\n<p><strong>Kann ich zus\u00e4tzliche Bettw\u00e4sche, Handt\u00fccher und K\u00fcchenpakete bestellen?<\/strong><\/p>\n\n\n\n<p>Ja, bitte <strong><a href=\"https:\/\/noordzeeameland.nl\/de\/kontakt\/\" target=\"_blank\" rel=\"noreferrer noopener\">kontaktieren<\/a><\/strong> Sie uns hierf\u00fcr.<\/p>\n\n\n\n<p><strong>Kann ich Bettw\u00e4sche f\u00fcr das Kinderbett bestellen?<\/strong><\/p>\n\n\n\n<p>Leider ist es nicht m\u00f6glich, Bettw\u00e4sche f\u00fcr ein Babybett bei uns zu bestellen. F\u00fcr ein Kinderbett m\u00fcssen Sie Ihre eigene Bettw\u00e4sche mitbringen. <\/p>\n<\/div>\n\n\n\n<div class=\"wp-block-column is-layout-flow wp-block-column-is-layout-flow\"><\/div>\n<\/div>\n","protected":false},"excerpt":{"rendered":"<p>\u00c4nderungen und Stornierung Ich m\u00f6chte meine Reisedaten \u00e4ndern. Ist das m\u00f6glich? Ja, Sie k\u00f6nnen Ihre Reisedaten \u00e4ndern, wenn Ihr Ankunftsdatum (noch) nicht innerhalb von 28 Tagen ab heute liegt. Hierzu k\u00f6nnen Sie uns kontaktieren. Abh\u00e4ngig von Ihrem neuen An- oder Abreisedatum bleibt die Miete der Buchung gleich oder erh\u00f6ht sich. Sollte sich die ge\u00e4nderte Buchung [&hellip;]<\/p>\n","protected":false},"author":2,"featured_media":0,"parent":0,"menu_order":0,"comment_status":"closed","ping_status":"closed","template":"","meta":{"footnotes":""},"class_list":["post-2826","page","type-page","status-publish","hentry"],"yoast_head":"<!-- This site is optimized with the Yoast SEO plugin v27.4 - https:\/\/yoast.com\/product\/yoast-seo-wordpress\/ -->\n<title>H\u00e4ufig gestellte Fragen | Noordzee Vakantiewoningen Ameland<\/title>\n<meta name=\"robots\" content=\"index, follow, max-snippet:-1, max-image-preview:large, max-video-preview:-1\" \/>\n<link rel=\"canonical\" href=\"https:\/\/noordzeeameland.nl\/de\/haeufig-gestellte-fragen\/\" \/>\n<meta property=\"og:locale\" content=\"de_DE\" \/>\n<meta property=\"og:type\" content=\"article\" \/>\n<meta property=\"og:title\" content=\"H\u00e4ufig gestellte Fragen | Noordzee Vakantiewoningen Ameland\" \/>\n<meta property=\"og:description\" content=\"\u00c4nderungen und Stornierung Ich m\u00f6chte meine Reisedaten \u00e4ndern. Ist das m\u00f6glich? Ja, Sie k\u00f6nnen Ihre Reisedaten \u00e4ndern, wenn Ihr Ankunftsdatum (noch) nicht innerhalb von 28 Tagen ab heute liegt. Hierzu k\u00f6nnen Sie uns kontaktieren. Abh\u00e4ngig von Ihrem neuen An- oder Abreisedatum bleibt die Miete der Buchung gleich oder erh\u00f6ht sich. Sollte sich die ge\u00e4nderte Buchung [&hellip;]\" \/>\n<meta property=\"og:url\" content=\"https:\/\/noordzeeameland.nl\/de\/haeufig-gestellte-fragen\/\" \/>\n<meta property=\"og:site_name\" content=\"Noordzee Vakantiewoningen Ameland\" \/>\n<meta property=\"article:publisher\" content=\"https:\/\/www.facebook.com\/Noordzeevakantiewoningen\/\" \/>\n<meta property=\"article:modified_time\" content=\"2025-03-06T12:41:46+00:00\" \/>\n<meta name=\"twitter:card\" content=\"summary_large_image\" \/>\n<meta name=\"twitter:site\" content=\"@NoordzeeAmeland\" \/>\n<meta name=\"twitter:label1\" content=\"Gesch\u00e4tzte Lesezeit\" \/>\n\t<meta name=\"twitter:data1\" content=\"2\u00a0Minuten\" \/>\n<script type=\"application\/ld+json\" class=\"yoast-schema-graph\">{\"@context\":\"https:\\\/\\\/schema.org\",\"@graph\":[{\"@type\":\"WebPage\",\"@id\":\"https:\\\/\\\/noordzeeameland.nl\\\/de\\\/haeufig-gestellte-fragen\\\/\",\"url\":\"https:\\\/\\\/noordzeeameland.nl\\\/de\\\/haeufig-gestellte-fragen\\\/\",\"name\":\"H\u00e4ufig gestellte Fragen | Noordzee Vakantiewoningen Ameland\",\"isPartOf\":{\"@id\":\"https:\\\/\\\/noordzeeameland.nl\\\/de\\\/#website\"},\"datePublished\":\"2021-05-24T14:15:22+00:00\",\"dateModified\":\"2025-03-06T12:41:46+00:00\",\"breadcrumb\":{\"@id\":\"https:\\\/\\\/noordzeeameland.nl\\\/de\\\/haeufig-gestellte-fragen\\\/#breadcrumb\"},\"inLanguage\":\"de\",\"potentialAction\":[{\"@type\":\"ReadAction\",\"target\":[\"https:\\\/\\\/noordzeeameland.nl\\\/de\\\/haeufig-gestellte-fragen\\\/\"]}]},{\"@type\":\"BreadcrumbList\",\"@id\":\"https:\\\/\\\/noordzeeameland.nl\\\/de\\\/haeufig-gestellte-fragen\\\/#breadcrumb\",\"itemListElement\":[{\"@type\":\"ListItem\",\"position\":1,\"name\":\"Home\",\"item\":\"https:\\\/\\\/noordzeeameland.nl\\\/de\\\/\"},{\"@type\":\"ListItem\",\"position\":2,\"name\":\"H\u00e4ufig gestellte Fragen\"}]},{\"@type\":\"WebSite\",\"@id\":\"https:\\\/\\\/noordzeeameland.nl\\\/de\\\/#website\",\"url\":\"https:\\\/\\\/noordzeeameland.nl\\\/de\\\/\",\"name\":\"Noordzee Vakantiewoningen Ameland\",\"description\":\"\",\"publisher\":{\"@id\":\"https:\\\/\\\/noordzeeameland.nl\\\/de\\\/#organization\"},\"potentialAction\":[{\"@type\":\"SearchAction\",\"target\":{\"@type\":\"EntryPoint\",\"urlTemplate\":\"https:\\\/\\\/noordzeeameland.nl\\\/de\\\/?s={search_term_string}\"},\"query-input\":{\"@type\":\"PropertyValueSpecification\",\"valueRequired\":true,\"valueName\":\"search_term_string\"}}],\"inLanguage\":\"de\"},{\"@type\":\"Organization\",\"@id\":\"https:\\\/\\\/noordzeeameland.nl\\\/de\\\/#organization\",\"name\":\"Noordzee Vakantiewoningen Ameland\",\"url\":\"https:\\\/\\\/noordzeeameland.nl\\\/de\\\/\",\"logo\":{\"@type\":\"ImageObject\",\"inLanguage\":\"de\",\"@id\":\"https:\\\/\\\/noordzeeameland.nl\\\/de\\\/#\\\/schema\\\/logo\\\/image\\\/\",\"url\":\"https:\\\/\\\/noordzeeameland.nl\\\/wp-content\\\/uploads\\\/2021\\\/04\\\/cropped-logo_large-1.png\",\"contentUrl\":\"https:\\\/\\\/noordzeeameland.nl\\\/wp-content\\\/uploads\\\/2021\\\/04\\\/cropped-logo_large-1.png\",\"width\":1500,\"height\":320,\"caption\":\"Noordzee Vakantiewoningen Ameland\"},\"image\":{\"@id\":\"https:\\\/\\\/noordzeeameland.nl\\\/de\\\/#\\\/schema\\\/logo\\\/image\\\/\"},\"sameAs\":[\"https:\\\/\\\/www.facebook.com\\\/Noordzeevakantiewoningen\\\/\",\"https:\\\/\\\/x.com\\\/NoordzeeAmeland\",\"https:\\\/\\\/www.instagram.com\\\/noordzeeameland\\\/\",\"https:\\\/\\\/www.linkedin.com\\\/company\\\/noordzee-vakantiewoningen\\\/\",\"https:\\\/\\\/nl.pinterest.com\\\/NoordzeeVakantiewoningen\\\/_saved\\\/\"]}]}<\/script>\n<!-- \/ Yoast SEO plugin. -->","yoast_head_json":{"title":"H\u00e4ufig gestellte Fragen | Noordzee Vakantiewoningen Ameland","robots":{"index":"index","follow":"follow","max-snippet":"max-snippet:-1","max-image-preview":"max-image-preview:large","max-video-preview":"max-video-preview:-1"},"canonical":"https:\/\/noordzeeameland.nl\/de\/haeufig-gestellte-fragen\/","og_locale":"de_DE","og_type":"article","og_title":"H\u00e4ufig gestellte Fragen | Noordzee Vakantiewoningen Ameland","og_description":"\u00c4nderungen und Stornierung Ich m\u00f6chte meine Reisedaten \u00e4ndern. Ist das m\u00f6glich? Ja, Sie k\u00f6nnen Ihre Reisedaten \u00e4ndern, wenn Ihr Ankunftsdatum (noch) nicht innerhalb von 28 Tagen ab heute liegt. Hierzu k\u00f6nnen Sie uns kontaktieren. Abh\u00e4ngig von Ihrem neuen An- oder Abreisedatum bleibt die Miete der Buchung gleich oder erh\u00f6ht sich. Sollte sich die ge\u00e4nderte Buchung [&hellip;]","og_url":"https:\/\/noordzeeameland.nl\/de\/haeufig-gestellte-fragen\/","og_site_name":"Noordzee Vakantiewoningen Ameland","article_publisher":"https:\/\/www.facebook.com\/Noordzeevakantiewoningen\/","article_modified_time":"2025-03-06T12:41:46+00:00","twitter_card":"summary_large_image","twitter_site":"@NoordzeeAmeland","twitter_misc":{"Gesch\u00e4tzte Lesezeit":"2\u00a0Minuten"},"schema":{"@context":"https:\/\/schema.org","@graph":[{"@type":"WebPage","@id":"https:\/\/noordzeeameland.nl\/de\/haeufig-gestellte-fragen\/","url":"https:\/\/noordzeeameland.nl\/de\/haeufig-gestellte-fragen\/","name":"H\u00e4ufig gestellte Fragen | Noordzee Vakantiewoningen Ameland","isPartOf":{"@id":"https:\/\/noordzeeameland.nl\/de\/#website"},"datePublished":"2021-05-24T14:15:22+00:00","dateModified":"2025-03-06T12:41:46+00:00","breadcrumb":{"@id":"https:\/\/noordzeeameland.nl\/de\/haeufig-gestellte-fragen\/#breadcrumb"},"inLanguage":"de","potentialAction":[{"@type":"ReadAction","target":["https:\/\/noordzeeameland.nl\/de\/haeufig-gestellte-fragen\/"]}]},{"@type":"BreadcrumbList","@id":"https:\/\/noordzeeameland.nl\/de\/haeufig-gestellte-fragen\/#breadcrumb","itemListElement":[{"@type":"ListItem","position":1,"name":"Home","item":"https:\/\/noordzeeameland.nl\/de\/"},{"@type":"ListItem","position":2,"name":"H\u00e4ufig gestellte Fragen"}]},{"@type":"WebSite","@id":"https:\/\/noordzeeameland.nl\/de\/#website","url":"https:\/\/noordzeeameland.nl\/de\/","name":"Noordzee Vakantiewoningen Ameland","description":"","publisher":{"@id":"https:\/\/noordzeeameland.nl\/de\/#organization"},"potentialAction":[{"@type":"SearchAction","target":{"@type":"EntryPoint","urlTemplate":"https:\/\/noordzeeameland.nl\/de\/?s={search_term_string}"},"query-input":{"@type":"PropertyValueSpecification","valueRequired":true,"valueName":"search_term_string"}}],"inLanguage":"de"},{"@type":"Organization","@id":"https:\/\/noordzeeameland.nl\/de\/#organization","name":"Noordzee Vakantiewoningen Ameland","url":"https:\/\/noordzeeameland.nl\/de\/","logo":{"@type":"ImageObject","inLanguage":"de","@id":"https:\/\/noordzeeameland.nl\/de\/#\/schema\/logo\/image\/","url":"https:\/\/noordzeeameland.nl\/wp-content\/uploads\/2021\/04\/cropped-logo_large-1.png","contentUrl":"https:\/\/noordzeeameland.nl\/wp-content\/uploads\/2021\/04\/cropped-logo_large-1.png","width":1500,"height":320,"caption":"Noordzee Vakantiewoningen Ameland"},"image":{"@id":"https:\/\/noordzeeameland.nl\/de\/#\/schema\/logo\/image\/"},"sameAs":["https:\/\/www.facebook.com\/Noordzeevakantiewoningen\/","https:\/\/x.com\/NoordzeeAmeland","https:\/\/www.instagram.com\/noordzeeameland\/","https:\/\/www.linkedin.com\/company\/noordzee-vakantiewoningen\/","https:\/\/nl.pinterest.com\/NoordzeeVakantiewoningen\/_saved\/"]}]}},"_links":{"self":[{"href":"https:\/\/noordzeeameland.nl\/de\/wp-json\/wp\/v2\/pages\/2826","targetHints":{"allow":["GET"]}}],"collection":[{"href":"https:\/\/noordzeeameland.nl\/de\/wp-json\/wp\/v2\/pages"}],"about":[{"href":"https:\/\/noordzeeameland.nl\/de\/wp-json\/wp\/v2\/types\/page"}],"author":[{"embeddable":true,"href":"https:\/\/noordzeeameland.nl\/de\/wp-json\/wp\/v2\/users\/2"}],"replies":[{"embeddable":true,"href":"https:\/\/noordzeeameland.nl\/de\/wp-json\/wp\/v2\/comments?post=2826"}],"version-history":[{"count":0,"href":"https:\/\/noordzeeameland.nl\/de\/wp-json\/wp\/v2\/pages\/2826\/revisions"}],"wp:attachment":[{"href":"https:\/\/noordzeeameland.nl\/de\/wp-json\/wp\/v2\/media?parent=2826"}],"curies":[{"name":"wp","href":"https:\/\/api.w.org\/{rel}","templated":true}]}}