{"id":4057,"date":"2021-11-10T17:59:18","date_gmt":"2021-11-10T16:59:18","guid":{"rendered":"https:\/\/noordzeeameland.nl\/stornierungsbedingungen"},"modified":"2022-08-15T22:01:17","modified_gmt":"2022-08-15T20:01:17","slug":"stornierungsbedingungen","status":"publish","type":"page","link":"https:\/\/noordzeeameland.nl\/de\/stornierungsbedingungen\/","title":{"rendered":"Stornierungsbedingungen"},"content":{"rendered":"\n<h2 class=\"wp-block-heading\"><strong>K\u00fcndigung durch den Mieter<\/strong><\/h2>\n\n<p>Es kann vorkommen, dass der Urlaub aufgrund unvorhergesehener Umst\u00e4nde abgesagt werden muss. In diesem Fall hat der Mieter oder sein Stellvertreter den Vermieter schriftlich oder telefonisch (w\u00e4hrend der B\u00fcrozeiten) zu benachrichtigen. In den meisten F\u00e4llen sind mit einer Stornierung oder \u00c4nderung Kosten verbunden.<\/p>\n\n<p>Nach der Stornierung erh\u00e4lt der Mieter vom Vermieter eine Stornorechnung. Dieser beschreibt die Kosten der Stornierung. Zus\u00e4tzlich zu den geschuldeten Reservierungskosten schuldet der (Mit-)Mieter dem Vermieter folgende Betr\u00e4ge:<\/p>\n\n<ul class=\"wp-block-list\"><li>Bei Stornierung bis zum 92. Tag (ausschlie\u00dflich) vor Anreise: <strong>15%<\/strong> des Reisepreises;<\/li><li>Bei Stornierung vom 92. Tag (inklusive) bis zum 62. Tag (ausschlie\u00dflich) vor Anreise: <strong>50%<\/strong> des Reisepreises;<\/li><li>Bei Stornierung vom 62. Tag (inklusive) bis zum 31. Tag (ausschlie\u00dflich) vor Anreise: <strong>75%<\/strong> des Reisepreises;<\/li><li>Bei Stornierung vom 31. Tag (inklusive) bis 1 Tag (inklusive) vor Anreise: <strong>90%<\/strong> des Reisepreises;<\/li><li>Bei Stornierung am Anreisetag oder sp\u00e4ter: <strong>100%<\/strong> des Reisepreises.<\/li><\/ul>\n\n<p>In vielen F\u00e4llen empfiehlt sich der Abschluss einer Reiser\u00fccktrittsversicherung.<\/p>\n\n<h2 class=\"wp-block-heading\"><strong>Stornierung durch den Vermieter<\/strong><\/h2>\n\n<p>Bei h\u00f6herer Gewalt oder unvorhergesehenen Umst\u00e4nden ist der Vermieter berechtigt, die Reservierung zu stornieren. Unvorhergesehene Umst\u00e4nde und h\u00f6here Gewalt sind:<\/p>\n\n<ul class=\"wp-block-list\"><li>Dass die Unterkunft nicht mehr zur Vermietung geeignet ist (z. B. wegen \u00dcberschwemmung, Brand oder Nichterf\u00fcllung durch den Beherberger);<\/li><li>Dass die Unterkunft nicht mehr verf\u00fcgbar ist (zum Beispiel aufgrund eines pl\u00f6tzlichen Verkaufs der Unterkunft durch den Beherberger, einer Doppelbuchung oder Insolvenz des Beherbergers).<\/li><\/ul>\n\n<p>Der Vermieter wird dies dem Mieter unverz\u00fcglich unter Angabe des Grundes telefonisch oder schriftlich mitteilen. In diesem Fall wird der Vermieter versuchen, eine gleichwertige Unterkunft zum gleichen Reisepreis anzubieten. Kann kein geeignetes Alternativangebot unterbreitet werden oder ist der Mieter mit dem angebotenen Alternativangebot nicht einverstanden, wird der Vermieter die bereits gezahlte Miete ganz oder teilweise zur\u00fcckerstatten, ohne dass der Vermieter dem Mieter eine Entsch\u00e4digung schuldet.<\/p>\n\n<h2 class=\"wp-block-heading\"><strong>\u00c4ndern<\/strong><\/h2>\n\n<p>Wenn ein Mieter einen Vertrag \u00e4ndern m\u00f6chte, ist dies bis zu <strong>28 Tage<\/strong> vor Anreise m\u00f6glich. Die Buchung darf nach der \u00c4nderung nicht g\u00fcnstiger sein als die urspr\u00fcngliche Buchung. F\u00fcr diese \u00c4nderungen k\u00f6nnen \u00c4nderungskosten in Rechnung gestellt werden.<\/p>\n\n<h2 class=\"wp-block-heading\"><strong>Indeplaatsstelling<\/strong><\/h2>\n\n<p>Wird die Reservierung vollst\u00e4ndig auf einen Dritten \u00fcbertragen, hat der Mieter dies dem Vermieter schriftlich anzuzeigen. F\u00fcr diese \u00c4nderungen werden \u00c4nderungskosten berechnet. Bereits gezahlte Betr\u00e4ge gelten als vom Erwerber bezahlt. Dies m\u00fcssen die \u00fcbertragenden und \u00fcbernehmenden Parteien untereinander regeln.<\/p>\n","protected":false},"excerpt":{"rendered":"<p>K\u00fcndigung durch den Mieter Es kann vorkommen, dass der Urlaub aufgrund unvorhergesehener Umst\u00e4nde abgesagt werden muss. In diesem Fall hat der Mieter oder sein Stellvertreter den Vermieter schriftlich oder telefonisch (w\u00e4hrend der B\u00fcrozeiten) zu benachrichtigen. In den meisten F\u00e4llen sind mit einer Stornierung oder \u00c4nderung Kosten verbunden. Nach der Stornierung erh\u00e4lt der Mieter vom Vermieter [&hellip;]<\/p>\n","protected":false},"author":2,"featured_media":0,"parent":0,"menu_order":0,"comment_status":"closed","ping_status":"closed","template":"","meta":{"footnotes":""},"class_list":["post-4057","page","type-page","status-publish","hentry"],"yoast_head":"<!-- This site is optimized with the Yoast SEO plugin v27.4 - https:\/\/yoast.com\/product\/yoast-seo-wordpress\/ -->\n<title>Stornierungsbedingungen | Noordzee Vakantiewoningen Ameland<\/title>\n<meta name=\"description\" content=\"Lesen Sie hier unsere Stornobedingungen. Wir haben unsere AGB verst\u00e4ndlich und einfach erkl\u00e4rt.\" \/>\n<meta name=\"robots\" content=\"index, follow, max-snippet:-1, max-image-preview:large, max-video-preview:-1\" \/>\n<link rel=\"canonical\" href=\"https:\/\/noordzeeameland.nl\/de\/stornierungsbedingungen\/\" \/>\n<meta property=\"og:locale\" content=\"de_DE\" \/>\n<meta property=\"og:type\" content=\"article\" \/>\n<meta property=\"og:title\" content=\"Stornierungsbedingungen | Noordzee Vakantiewoningen Ameland\" \/>\n<meta property=\"og:description\" content=\"Lesen Sie hier unsere Stornobedingungen. Wir haben unsere AGB verst\u00e4ndlich und einfach erkl\u00e4rt.\" \/>\n<meta property=\"og:url\" content=\"https:\/\/noordzeeameland.nl\/de\/stornierungsbedingungen\/\" \/>\n<meta property=\"og:site_name\" content=\"Noordzee Vakantiewoningen Ameland\" \/>\n<meta property=\"article:publisher\" content=\"https:\/\/www.facebook.com\/Noordzeevakantiewoningen\/\" \/>\n<meta property=\"article:modified_time\" content=\"2022-08-15T20:01:17+00:00\" \/>\n<meta name=\"twitter:card\" content=\"summary_large_image\" \/>\n<meta name=\"twitter:site\" content=\"@NoordzeeAmeland\" \/>\n<meta name=\"twitter:label1\" content=\"Gesch\u00e4tzte Lesezeit\" \/>\n\t<meta name=\"twitter:data1\" content=\"2\u00a0Minuten\" \/>\n<script type=\"application\/ld+json\" class=\"yoast-schema-graph\">{\"@context\":\"https:\\\/\\\/schema.org\",\"@graph\":[{\"@type\":\"WebPage\",\"@id\":\"https:\\\/\\\/noordzeeameland.nl\\\/de\\\/stornierungsbedingungen\\\/\",\"url\":\"https:\\\/\\\/noordzeeameland.nl\\\/de\\\/stornierungsbedingungen\\\/\",\"name\":\"Stornierungsbedingungen | Noordzee Vakantiewoningen Ameland\",\"isPartOf\":{\"@id\":\"https:\\\/\\\/noordzeeameland.nl\\\/de\\\/#website\"},\"datePublished\":\"2021-11-10T16:59:18+00:00\",\"dateModified\":\"2022-08-15T20:01:17+00:00\",\"description\":\"Lesen Sie hier unsere Stornobedingungen. Wir haben unsere AGB verst\u00e4ndlich und einfach erkl\u00e4rt.\",\"breadcrumb\":{\"@id\":\"https:\\\/\\\/noordzeeameland.nl\\\/de\\\/stornierungsbedingungen\\\/#breadcrumb\"},\"inLanguage\":\"de\",\"potentialAction\":[{\"@type\":\"ReadAction\",\"target\":[\"https:\\\/\\\/noordzeeameland.nl\\\/de\\\/stornierungsbedingungen\\\/\"]}]},{\"@type\":\"BreadcrumbList\",\"@id\":\"https:\\\/\\\/noordzeeameland.nl\\\/de\\\/stornierungsbedingungen\\\/#breadcrumb\",\"itemListElement\":[{\"@type\":\"ListItem\",\"position\":1,\"name\":\"Home\",\"item\":\"https:\\\/\\\/noordzeeameland.nl\\\/de\\\/\"},{\"@type\":\"ListItem\",\"position\":2,\"name\":\"Stornierungsbedingungen\"}]},{\"@type\":\"WebSite\",\"@id\":\"https:\\\/\\\/noordzeeameland.nl\\\/de\\\/#website\",\"url\":\"https:\\\/\\\/noordzeeameland.nl\\\/de\\\/\",\"name\":\"Noordzee Vakantiewoningen Ameland\",\"description\":\"\",\"publisher\":{\"@id\":\"https:\\\/\\\/noordzeeameland.nl\\\/de\\\/#organization\"},\"potentialAction\":[{\"@type\":\"SearchAction\",\"target\":{\"@type\":\"EntryPoint\",\"urlTemplate\":\"https:\\\/\\\/noordzeeameland.nl\\\/de\\\/?s={search_term_string}\"},\"query-input\":{\"@type\":\"PropertyValueSpecification\",\"valueRequired\":true,\"valueName\":\"search_term_string\"}}],\"inLanguage\":\"de\"},{\"@type\":\"Organization\",\"@id\":\"https:\\\/\\\/noordzeeameland.nl\\\/de\\\/#organization\",\"name\":\"Noordzee Vakantiewoningen Ameland\",\"url\":\"https:\\\/\\\/noordzeeameland.nl\\\/de\\\/\",\"logo\":{\"@type\":\"ImageObject\",\"inLanguage\":\"de\",\"@id\":\"https:\\\/\\\/noordzeeameland.nl\\\/de\\\/#\\\/schema\\\/logo\\\/image\\\/\",\"url\":\"https:\\\/\\\/noordzeeameland.nl\\\/wp-content\\\/uploads\\\/2021\\\/04\\\/cropped-logo_large-1.png\",\"contentUrl\":\"https:\\\/\\\/noordzeeameland.nl\\\/wp-content\\\/uploads\\\/2021\\\/04\\\/cropped-logo_large-1.png\",\"width\":1500,\"height\":320,\"caption\":\"Noordzee Vakantiewoningen Ameland\"},\"image\":{\"@id\":\"https:\\\/\\\/noordzeeameland.nl\\\/de\\\/#\\\/schema\\\/logo\\\/image\\\/\"},\"sameAs\":[\"https:\\\/\\\/www.facebook.com\\\/Noordzeevakantiewoningen\\\/\",\"https:\\\/\\\/x.com\\\/NoordzeeAmeland\",\"https:\\\/\\\/www.instagram.com\\\/noordzeeameland\\\/\",\"https:\\\/\\\/www.linkedin.com\\\/company\\\/noordzee-vakantiewoningen\\\/\",\"https:\\\/\\\/nl.pinterest.com\\\/NoordzeeVakantiewoningen\\\/_saved\\\/\"]}]}<\/script>\n<!-- \/ Yoast SEO plugin. -->","yoast_head_json":{"title":"Stornierungsbedingungen | Noordzee Vakantiewoningen Ameland","description":"Lesen Sie hier unsere Stornobedingungen. Wir haben unsere AGB verst\u00e4ndlich und einfach erkl\u00e4rt.","robots":{"index":"index","follow":"follow","max-snippet":"max-snippet:-1","max-image-preview":"max-image-preview:large","max-video-preview":"max-video-preview:-1"},"canonical":"https:\/\/noordzeeameland.nl\/de\/stornierungsbedingungen\/","og_locale":"de_DE","og_type":"article","og_title":"Stornierungsbedingungen | Noordzee Vakantiewoningen Ameland","og_description":"Lesen Sie hier unsere Stornobedingungen. Wir haben unsere AGB verst\u00e4ndlich und einfach erkl\u00e4rt.","og_url":"https:\/\/noordzeeameland.nl\/de\/stornierungsbedingungen\/","og_site_name":"Noordzee Vakantiewoningen Ameland","article_publisher":"https:\/\/www.facebook.com\/Noordzeevakantiewoningen\/","article_modified_time":"2022-08-15T20:01:17+00:00","twitter_card":"summary_large_image","twitter_site":"@NoordzeeAmeland","twitter_misc":{"Gesch\u00e4tzte Lesezeit":"2\u00a0Minuten"},"schema":{"@context":"https:\/\/schema.org","@graph":[{"@type":"WebPage","@id":"https:\/\/noordzeeameland.nl\/de\/stornierungsbedingungen\/","url":"https:\/\/noordzeeameland.nl\/de\/stornierungsbedingungen\/","name":"Stornierungsbedingungen | Noordzee Vakantiewoningen Ameland","isPartOf":{"@id":"https:\/\/noordzeeameland.nl\/de\/#website"},"datePublished":"2021-11-10T16:59:18+00:00","dateModified":"2022-08-15T20:01:17+00:00","description":"Lesen Sie hier unsere Stornobedingungen. Wir haben unsere AGB verst\u00e4ndlich und einfach erkl\u00e4rt.","breadcrumb":{"@id":"https:\/\/noordzeeameland.nl\/de\/stornierungsbedingungen\/#breadcrumb"},"inLanguage":"de","potentialAction":[{"@type":"ReadAction","target":["https:\/\/noordzeeameland.nl\/de\/stornierungsbedingungen\/"]}]},{"@type":"BreadcrumbList","@id":"https:\/\/noordzeeameland.nl\/de\/stornierungsbedingungen\/#breadcrumb","itemListElement":[{"@type":"ListItem","position":1,"name":"Home","item":"https:\/\/noordzeeameland.nl\/de\/"},{"@type":"ListItem","position":2,"name":"Stornierungsbedingungen"}]},{"@type":"WebSite","@id":"https:\/\/noordzeeameland.nl\/de\/#website","url":"https:\/\/noordzeeameland.nl\/de\/","name":"Noordzee Vakantiewoningen Ameland","description":"","publisher":{"@id":"https:\/\/noordzeeameland.nl\/de\/#organization"},"potentialAction":[{"@type":"SearchAction","target":{"@type":"EntryPoint","urlTemplate":"https:\/\/noordzeeameland.nl\/de\/?s={search_term_string}"},"query-input":{"@type":"PropertyValueSpecification","valueRequired":true,"valueName":"search_term_string"}}],"inLanguage":"de"},{"@type":"Organization","@id":"https:\/\/noordzeeameland.nl\/de\/#organization","name":"Noordzee Vakantiewoningen Ameland","url":"https:\/\/noordzeeameland.nl\/de\/","logo":{"@type":"ImageObject","inLanguage":"de","@id":"https:\/\/noordzeeameland.nl\/de\/#\/schema\/logo\/image\/","url":"https:\/\/noordzeeameland.nl\/wp-content\/uploads\/2021\/04\/cropped-logo_large-1.png","contentUrl":"https:\/\/noordzeeameland.nl\/wp-content\/uploads\/2021\/04\/cropped-logo_large-1.png","width":1500,"height":320,"caption":"Noordzee Vakantiewoningen Ameland"},"image":{"@id":"https:\/\/noordzeeameland.nl\/de\/#\/schema\/logo\/image\/"},"sameAs":["https:\/\/www.facebook.com\/Noordzeevakantiewoningen\/","https:\/\/x.com\/NoordzeeAmeland","https:\/\/www.instagram.com\/noordzeeameland\/","https:\/\/www.linkedin.com\/company\/noordzee-vakantiewoningen\/","https:\/\/nl.pinterest.com\/NoordzeeVakantiewoningen\/_saved\/"]}]}},"_links":{"self":[{"href":"https:\/\/noordzeeameland.nl\/de\/wp-json\/wp\/v2\/pages\/4057","targetHints":{"allow":["GET"]}}],"collection":[{"href":"https:\/\/noordzeeameland.nl\/de\/wp-json\/wp\/v2\/pages"}],"about":[{"href":"https:\/\/noordzeeameland.nl\/de\/wp-json\/wp\/v2\/types\/page"}],"author":[{"embeddable":true,"href":"https:\/\/noordzeeameland.nl\/de\/wp-json\/wp\/v2\/users\/2"}],"replies":[{"embeddable":true,"href":"https:\/\/noordzeeameland.nl\/de\/wp-json\/wp\/v2\/comments?post=4057"}],"version-history":[{"count":0,"href":"https:\/\/noordzeeameland.nl\/de\/wp-json\/wp\/v2\/pages\/4057\/revisions"}],"wp:attachment":[{"href":"https:\/\/noordzeeameland.nl\/de\/wp-json\/wp\/v2\/media?parent=4057"}],"curies":[{"name":"wp","href":"https:\/\/api.w.org\/{rel}","templated":true}]}}